{"id":153,"date":"2025-11-24T21:52:06","date_gmt":"2025-11-24T21:52:06","guid":{"rendered":"https:\/\/yuhaopan.com\/?page_id=153"},"modified":"2026-02-24T16:36:46","modified_gmt":"2026-02-24T16:36:46","slug":"entretemps","status":"publish","type":"page","link":"https:\/\/yuhaopan.com\/en\/entretemps\/","title":{"rendered":"Entretemps"},"content":{"rendered":"<div data-elementor-type=\"wp-page\" data-elementor-id=\"153\" class=\"elementor elementor-153\" data-elementor-post-type=\"page\">\n\t\t\t\t<div class=\"elementor-element elementor-element-6bab17e e-con-full e-flex e-con e-parent\" data-id=\"6bab17e\" data-element_type=\"container\" data-e-type=\"container\" data-settings=\"{&quot;background_background&quot;:&quot;classic&quot;}\">\n\t\t<div class=\"elementor-element elementor-element-dab1784 e-con-full e-flex e-con e-child\" data-id=\"dab1784\" data-element_type=\"container\" data-e-type=\"container\">\n\t\t\t\t<div class=\"elementor-element elementor-element-1e6bcd5 elementor-widget elementor-widget-spacer\" data-id=\"1e6bcd5\" data-element_type=\"widget\" data-e-type=\"widget\" data-widget_type=\"spacer.default\">\n\t\t\t\t\t\t\t<div class=\"elementor-spacer\">\n\t\t\t<div class=\"elementor-spacer-inner\"><\/div>\n\t\t<\/div>\n\t\t\t\t\t\t<\/div>\n\t\t\t\t<\/div>\n\t\t<div class=\"elementor-element elementor-element-b6ef90e e-con-full e-flex e-con e-child\" data-id=\"b6ef90e\" data-element_type=\"container\" data-e-type=\"container\">\n\t\t\t\t<div class=\"elementor-element elementor-element-06c6335 elementor-widget elementor-widget-spacer\" data-id=\"06c6335\" data-element_type=\"widget\" data-e-type=\"widget\" data-widget_type=\"spacer.default\">\n\t\t\t\t\t\t\t<div class=\"elementor-spacer\">\n\t\t\t<div class=\"elementor-spacer-inner\"><\/div>\n\t\t<\/div>\n\t\t\t\t\t\t<\/div>\n\t\t\t\t<div class=\"elementor-element elementor-element-7395163 elementor-widget elementor-widget-text-editor\" data-id=\"7395163\" data-element_type=\"widget\" data-e-type=\"widget\" data-widget_type=\"text-editor.default\">\n\t\t\t\t\t\t\t\t\t<div class=\"elementor-element elementor-element-d04b8d5 elementor-widget elementor-widget-text-editor\" data-id=\"d04b8d5\" data-element_type=\"widget\" data-widget_type=\"text-editor.default\"><h6><span style=\"color: #000000;\"><strong><em>\u201c IN THE MEANTIME \u201c<\/em> \u2013 S\u00c9RIE PHOTOGRAPHIE\u00a0<\/strong><\/span><\/h6><p><span style=\"color: #000000;\">Inspired by Impressionist painters, these photographs explore the suspended moment. Through blurring, shadows and the vibration of black and white reduced to its simplest tension, I seek to make the invisible visible: the persistence of the moment.<\/span><\/p><p><span style=\"color: #000000;\">Each image is a fragment of arrested time, a breath held back. Contours dissolve, faces fade, shapes hesitate between appearance and disappearance. The blur is not absence, but memory in motion; it keeps the trace of passage. In this series, I'm less interested in showing than in making people feel.<\/span><\/p><p><span style=\"color: #000000;\"><em>\u201c In the Meantime \u201c<\/em> is an attempt to slow down the visible. It's the thickness of a gesture, the suspense of a look, the latency between light and its erasure.<\/span><\/p><p><span style=\"color: #000000;\">Original photographic work \u00a9 Yuhao PAN<\/span><\/p><\/div>\t\t\t\t\t\t\t\t<\/div>\n\t\t\t\t<div class=\"elementor-element elementor-element-6859ebb elementor-widget elementor-widget-gallery\" data-id=\"6859ebb\" data-element_type=\"widget\" data-e-type=\"widget\" data-settings=\"{&quot;gallery_layout&quot;:&quot;justified&quot;,&quot;ideal_row_height&quot;:{&quot;unit&quot;:&quot;px&quot;,&quot;size&quot;:463,&quot;sizes&quot;:[]},&quot;ideal_row_height_tablet&quot;:{&quot;unit&quot;:&quot;px&quot;,&quot;size&quot;:293,&quot;sizes&quot;:[]},&quot;ideal_row_height_mobile&quot;:{&quot;unit&quot;:&quot;px&quot;,&quot;size&quot;:240,&quot;sizes&quot;:[]},&quot;lazyload&quot;:&quot;yes&quot;,&quot;gap&quot;:{&quot;unit&quot;:&quot;px&quot;,&quot;size&quot;:10,&quot;sizes&quot;:[]},&quot;gap_tablet&quot;:{&quot;unit&quot;:&quot;px&quot;,&quot;size&quot;:10,&quot;sizes&quot;:[]},&quot;gap_mobile&quot;:{&quot;unit&quot;:&quot;px&quot;,&quot;size&quot;:10,&quot;sizes&quot;:[]},&quot;overlay_background&quot;:&quot;yes&quot;,&quot;content_hover_animation&quot;:&quot;fade-in&quot;}\" data-widget_type=\"gallery.default\">\n\t\t\t\t\t\t\t<div class=\"elementor-gallery__container\">\n\t\t\t\t\t\t\t<div class=\"e-gallery-item elementor-gallery-item elementor-animated-content\">\n\t\t\t\t\t<div class=\"e-gallery-image elementor-gallery-item__image\" data-thumbnail=\"https:\/\/yuhaopan.com\/wp-content\/uploads\/2025\/12\/SERIE-Lentre-temps-11.jpg\" data-width=\"1463\" data-height=\"2048\" aria-label=\"\" role=\"img\" ><\/div>\n\t\t\t\t\t\t\t\t\t\t\t<div class=\"elementor-gallery-item__overlay\"><\/div>\n\t\t\t\t\t\t\t\t\t\t\t\t\t\t<\/div>\n\t\t\t\t\t\t\t<div class=\"e-gallery-item elementor-gallery-item elementor-animated-content\">\n\t\t\t\t\t<div class=\"e-gallery-image elementor-gallery-item__image\" data-thumbnail=\"https:\/\/yuhaopan.com\/wp-content\/uploads\/2025\/12\/SERIE-Lentre-temps-14.jpg\" data-width=\"1463\" data-height=\"2048\" aria-label=\"\" role=\"img\" ><\/div>\n\t\t\t\t\t\t\t\t\t\t\t<div class=\"elementor-gallery-item__overlay\"><\/div>\n\t\t\t\t\t\t\t\t\t\t\t\t\t\t<\/div>\n\t\t\t\t\t\t\t<div class=\"e-gallery-item elementor-gallery-item elementor-animated-content\">\n\t\t\t\t\t<div class=\"e-gallery-image elementor-gallery-item__image\" data-thumbnail=\"https:\/\/yuhaopan.com\/wp-content\/uploads\/2025\/12\/SERIE-Lentre-temps-08.jpg\" data-width=\"1463\" data-height=\"2048\" aria-label=\"\" role=\"img\" ><\/div>\n\t\t\t\t\t\t\t\t\t\t\t<div class=\"elementor-gallery-item__overlay\"><\/div>\n\t\t\t\t\t\t\t\t\t\t\t\t\t\t<\/div>\n\t\t\t\t\t\t\t<div class=\"e-gallery-item elementor-gallery-item elementor-animated-content\">\n\t\t\t\t\t<div class=\"e-gallery-image elementor-gallery-item__image\" data-thumbnail=\"https:\/\/yuhaopan.com\/wp-content\/uploads\/2025\/12\/SERIE-Lentre-temps-05.jpg\" data-width=\"1463\" data-height=\"2048\" aria-label=\"\" role=\"img\" ><\/div>\n\t\t\t\t\t\t\t\t\t\t\t<div class=\"elementor-gallery-item__overlay\"><\/div>\n\t\t\t\t\t\t\t\t\t\t\t\t\t\t<\/div>\n\t\t\t\t\t\t\t<div class=\"e-gallery-item elementor-gallery-item elementor-animated-content\">\n\t\t\t\t\t<div class=\"e-gallery-image elementor-gallery-item__image\" data-thumbnail=\"https:\/\/yuhaopan.com\/wp-content\/uploads\/2025\/12\/SERIE-Lentre-temps-04.jpg\" data-width=\"1416\" data-height=\"2048\" aria-label=\"\" role=\"img\" ><\/div>\n\t\t\t\t\t\t\t\t\t\t\t<div class=\"elementor-gallery-item__overlay\"><\/div>\n\t\t\t\t\t\t\t\t\t\t\t\t\t\t<\/div>\n\t\t\t\t\t\t\t<div class=\"e-gallery-item elementor-gallery-item elementor-animated-content\">\n\t\t\t\t\t<div class=\"e-gallery-image elementor-gallery-item__image\" data-thumbnail=\"https:\/\/yuhaopan.com\/wp-content\/uploads\/2025\/12\/SERIE-Lentre-temps-10.jpg\" data-width=\"1463\" data-height=\"2048\" aria-label=\"\" role=\"img\" ><\/div>\n\t\t\t\t\t\t\t\t\t\t\t<div class=\"elementor-gallery-item__overlay\"><\/div>\n\t\t\t\t\t\t\t\t\t\t\t\t\t\t<\/div>\n\t\t\t\t\t<\/div>\n\t\t\t\t\t<\/div>\n\t\t\t\t<\/div>\n\t\t\t\t<\/div>\n\t\t\t\t<\/div>","protected":false},"excerpt":{"rendered":"<p>L&rsquo;ENTRE-TEMPS \u2013 S\u00c9RIE PHOTOGRAPHIE\u00a0 Inspir\u00e9es par des peintres impressionnistes, ces photographies explorent le moment suspendu. \u00c0 travers le flou, les ombres, la vibration du noir et blanc r\u00e9duit \u00e0 sa plus simple tension, je cherche \u00e0 rendre visible l\u2019invisible : la persistance de l\u2019instant. Chaque image est un fragment de temps arr\u00eat\u00e9, un souffle retenu. [&hellip;]<\/p>\n","protected":false},"author":1,"featured_media":0,"parent":0,"menu_order":0,"comment_status":"closed","ping_status":"closed","template":"","meta":{"footnotes":""},"class_list":["post-153","page","type-page","status-publish","hentry"],"yoast_head":"<!-- This site is optimized with the Yoast SEO Premium plugin v26.4 (Yoast SEO v27.5) - https:\/\/yoast.com\/product\/yoast-seo-premium-wordpress\/ -->\n<title>Entretemps - Yuhao PAN<\/title>\n<meta name=\"robots\" content=\"index, follow, max-snippet:-1, max-image-preview:large, max-video-preview:-1\" \/>\n<link rel=\"canonical\" href=\"https:\/\/yuhaopan.com\/en\/entretemps\/\" \/>\n<meta property=\"og:locale\" content=\"en_US\" \/>\n<meta property=\"og:type\" content=\"article\" \/>\n<meta property=\"og:title\" content=\"Entretemps\" \/>\n<meta property=\"og:description\" content=\"L&rsquo;ENTRE-TEMPS \u2013 S\u00c9RIE PHOTOGRAPHIE\u00a0 Inspir\u00e9es par des peintres impressionnistes, ces photographies explorent le moment suspendu. \u00c0 travers le flou, les ombres, la vibration du noir et blanc r\u00e9duit \u00e0 sa plus simple tension, je cherche \u00e0 rendre visible l\u2019invisible : la persistance de l\u2019instant. Chaque image est un fragment de temps arr\u00eat\u00e9, un souffle retenu. [&hellip;]\" \/>\n<meta property=\"og:url\" content=\"https:\/\/yuhaopan.com\/en\/entretemps\/\" \/>\n<meta property=\"og:site_name\" content=\"Yuhao PAN\" \/>\n<meta property=\"article:modified_time\" content=\"2026-02-24T16:36:46+00:00\" \/>\n<meta name=\"twitter:card\" content=\"summary_large_image\" \/>\n<meta name=\"twitter:label1\" content=\"Est. reading time\" \/>\n\t<meta name=\"twitter:data1\" content=\"2 minutes\" \/>\n<script type=\"application\/ld+json\" class=\"yoast-schema-graph\">{\"@context\":\"https:\\\/\\\/schema.org\",\"@graph\":[{\"@type\":\"WebPage\",\"@id\":\"https:\\\/\\\/yuhaopan.com\\\/entretemps\\\/\",\"url\":\"https:\\\/\\\/yuhaopan.com\\\/entretemps\\\/\",\"name\":\"Entretemps - Yuhao PAN\",\"isPartOf\":{\"@id\":\"https:\\\/\\\/yuhaopan.com\\\/#website\"},\"datePublished\":\"2025-11-24T21:52:06+00:00\",\"dateModified\":\"2026-02-24T16:36:46+00:00\",\"breadcrumb\":{\"@id\":\"https:\\\/\\\/yuhaopan.com\\\/entretemps\\\/#breadcrumb\"},\"inLanguage\":\"en-US\",\"potentialAction\":[{\"@type\":\"ReadAction\",\"target\":[\"https:\\\/\\\/yuhaopan.com\\\/entretemps\\\/\"]}]},{\"@type\":\"BreadcrumbList\",\"@id\":\"https:\\\/\\\/yuhaopan.com\\\/entretemps\\\/#breadcrumb\",\"itemListElement\":[{\"@type\":\"ListItem\",\"position\":1,\"name\":\"Accueil\",\"item\":\"https:\\\/\\\/yuhaopan.com\\\/\"},{\"@type\":\"ListItem\",\"position\":2,\"name\":\"Entretemps\"}]},{\"@type\":\"WebSite\",\"@id\":\"https:\\\/\\\/yuhaopan.com\\\/#website\",\"url\":\"https:\\\/\\\/yuhaopan.com\\\/\",\"name\":\"Yuhao PAN - Artiste Photographe\",\"description\":\"Photographer &amp; Art Director\",\"publisher\":{\"@id\":\"https:\\\/\\\/yuhaopan.com\\\/#\\\/schema\\\/person\\\/9f058b6ae826918e81050013f55ec1b4\"},\"alternateName\":\"Yuhao PAN - Artiste Photographe et Vid\u00e9aste \u00e0 Paris\",\"potentialAction\":[{\"@type\":\"SearchAction\",\"target\":{\"@type\":\"EntryPoint\",\"urlTemplate\":\"https:\\\/\\\/yuhaopan.com\\\/?s={search_term_string}\"},\"query-input\":{\"@type\":\"PropertyValueSpecification\",\"valueRequired\":true,\"valueName\":\"search_term_string\"}}],\"inLanguage\":\"en-US\"},{\"@type\":[\"Person\",\"Organization\"],\"@id\":\"https:\\\/\\\/yuhaopan.com\\\/#\\\/schema\\\/person\\\/9f058b6ae826918e81050013f55ec1b4\",\"name\":\"yuhao.pan@outlook.com\",\"image\":{\"@type\":\"ImageObject\",\"inLanguage\":\"en-US\",\"@id\":\"https:\\\/\\\/yuhaopan.com\\\/wp-content\\\/uploads\\\/2026\\\/01\\\/Cachet-etiquette-Yuhao-pan.jpg\",\"url\":\"https:\\\/\\\/yuhaopan.com\\\/wp-content\\\/uploads\\\/2026\\\/01\\\/Cachet-etiquette-Yuhao-pan.jpg\",\"contentUrl\":\"https:\\\/\\\/yuhaopan.com\\\/wp-content\\\/uploads\\\/2026\\\/01\\\/Cachet-etiquette-Yuhao-pan.jpg\",\"width\":591,\"height\":591,\"caption\":\"yuhao.pan@outlook.com\"},\"logo\":{\"@id\":\"https:\\\/\\\/yuhaopan.com\\\/wp-content\\\/uploads\\\/2026\\\/01\\\/Cachet-etiquette-Yuhao-pan.jpg\"},\"sameAs\":[\"https:\\\/\\\/yuhaopan.com\"]}]}<\/script>\n<!-- \/ Yoast SEO Premium plugin. -->","yoast_head_json":{"title":"Entretemps - Yuhao PAN","robots":{"index":"index","follow":"follow","max-snippet":"max-snippet:-1","max-image-preview":"max-image-preview:large","max-video-preview":"max-video-preview:-1"},"canonical":"https:\/\/yuhaopan.com\/en\/entretemps\/","og_locale":"en_US","og_type":"article","og_title":"Entretemps","og_description":"L&rsquo;ENTRE-TEMPS \u2013 S\u00c9RIE PHOTOGRAPHIE\u00a0 Inspir\u00e9es par des peintres impressionnistes, ces photographies explorent le moment suspendu. \u00c0 travers le flou, les ombres, la vibration du noir et blanc r\u00e9duit \u00e0 sa plus simple tension, je cherche \u00e0 rendre visible l\u2019invisible : la persistance de l\u2019instant. Chaque image est un fragment de temps arr\u00eat\u00e9, un souffle retenu. [&hellip;]","og_url":"https:\/\/yuhaopan.com\/en\/entretemps\/","og_site_name":"Yuhao PAN","article_modified_time":"2026-02-24T16:36:46+00:00","twitter_card":"summary_large_image","twitter_misc":{"Est. reading time":"2 minutes"},"schema":{"@context":"https:\/\/schema.org","@graph":[{"@type":"WebPage","@id":"https:\/\/yuhaopan.com\/entretemps\/","url":"https:\/\/yuhaopan.com\/entretemps\/","name":"Entretemps - Yuhao PAN","isPartOf":{"@id":"https:\/\/yuhaopan.com\/#website"},"datePublished":"2025-11-24T21:52:06+00:00","dateModified":"2026-02-24T16:36:46+00:00","breadcrumb":{"@id":"https:\/\/yuhaopan.com\/entretemps\/#breadcrumb"},"inLanguage":"en-US","potentialAction":[{"@type":"ReadAction","target":["https:\/\/yuhaopan.com\/entretemps\/"]}]},{"@type":"BreadcrumbList","@id":"https:\/\/yuhaopan.com\/entretemps\/#breadcrumb","itemListElement":[{"@type":"ListItem","position":1,"name":"Accueil","item":"https:\/\/yuhaopan.com\/"},{"@type":"ListItem","position":2,"name":"Entretemps"}]},{"@type":"WebSite","@id":"https:\/\/yuhaopan.com\/#website","url":"https:\/\/yuhaopan.com\/","name":"Yuhao PAN - Artiste Photographe","description":"Photographer &amp; Art Director","publisher":{"@id":"https:\/\/yuhaopan.com\/#\/schema\/person\/9f058b6ae826918e81050013f55ec1b4"},"alternateName":"Yuhao PAN - Artiste Photographe et Vid\u00e9aste \u00e0 Paris","potentialAction":[{"@type":"SearchAction","target":{"@type":"EntryPoint","urlTemplate":"https:\/\/yuhaopan.com\/?s={search_term_string}"},"query-input":{"@type":"PropertyValueSpecification","valueRequired":true,"valueName":"search_term_string"}}],"inLanguage":"en-US"},{"@type":["Person","Organization"],"@id":"https:\/\/yuhaopan.com\/#\/schema\/person\/9f058b6ae826918e81050013f55ec1b4","name":"yuhao.pan@outlook.com","image":{"@type":"ImageObject","inLanguage":"en-US","@id":"https:\/\/yuhaopan.com\/wp-content\/uploads\/2026\/01\/Cachet-etiquette-Yuhao-pan.jpg","url":"https:\/\/yuhaopan.com\/wp-content\/uploads\/2026\/01\/Cachet-etiquette-Yuhao-pan.jpg","contentUrl":"https:\/\/yuhaopan.com\/wp-content\/uploads\/2026\/01\/Cachet-etiquette-Yuhao-pan.jpg","width":591,"height":591,"caption":"yuhao.pan@outlook.com"},"logo":{"@id":"https:\/\/yuhaopan.com\/wp-content\/uploads\/2026\/01\/Cachet-etiquette-Yuhao-pan.jpg"},"sameAs":["https:\/\/yuhaopan.com"]}]}},"_links":{"self":[{"href":"https:\/\/yuhaopan.com\/en\/wp-json\/wp\/v2\/pages\/153","targetHints":{"allow":["GET"]}}],"collection":[{"href":"https:\/\/yuhaopan.com\/en\/wp-json\/wp\/v2\/pages"}],"about":[{"href":"https:\/\/yuhaopan.com\/en\/wp-json\/wp\/v2\/types\/page"}],"author":[{"embeddable":true,"href":"https:\/\/yuhaopan.com\/en\/wp-json\/wp\/v2\/users\/1"}],"replies":[{"embeddable":true,"href":"https:\/\/yuhaopan.com\/en\/wp-json\/wp\/v2\/comments?post=153"}],"version-history":[{"count":0,"href":"https:\/\/yuhaopan.com\/en\/wp-json\/wp\/v2\/pages\/153\/revisions"}],"wp:attachment":[{"href":"https:\/\/yuhaopan.com\/en\/wp-json\/wp\/v2\/media?parent=153"}],"curies":[{"name":"wp","href":"https:\/\/api.w.org\/{rel}","templated":true}]}}