{"id":207,"date":"2025-11-24T14:09:54","date_gmt":"2025-11-24T14:09:54","guid":{"rendered":"https:\/\/yuhaopan.com\/?page_id=207"},"modified":"2026-04-02T18:52:09","modified_gmt":"2026-04-02T18:52:09","slug":"accueil","status":"publish","type":"page","link":"https:\/\/yuhaopan.com\/en\/","title":{"rendered":"Home"},"content":{"rendered":"<div data-elementor-type=\"wp-page\" data-elementor-id=\"207\" class=\"elementor elementor-207\" data-elementor-post-type=\"page\">\n\t\t\t\t<div class=\"elementor-element elementor-element-b9f58ef e-con-full e-flex e-con e-parent\" data-id=\"b9f58ef\" data-element_type=\"container\" data-e-type=\"container\">\n\t\t<div class=\"elementor-element elementor-element-c18def5 e-con-full e-flex e-con e-child\" data-id=\"c18def5\" data-element_type=\"container\" data-e-type=\"container\">\n\t\t\t\t<div class=\"elementor-element elementor-element-b7f8fca elementor-widget elementor-widget-spacer\" data-id=\"b7f8fca\" data-element_type=\"widget\" data-e-type=\"widget\" data-widget_type=\"spacer.default\">\n\t\t\t\t\t\t\t<div class=\"elementor-spacer\">\n\t\t\t<div class=\"elementor-spacer-inner\"><\/div>\n\t\t<\/div>\n\t\t\t\t\t\t<\/div>\n\t\t\t\t<\/div>\n\t\t<div class=\"elementor-element elementor-element-eb7ee12 e-con-full e-flex e-con e-child\" data-id=\"eb7ee12\" data-element_type=\"container\" data-e-type=\"container\">\n\t\t\t\t<div class=\"elementor-element elementor-element-767440d elementor-widget elementor-widget-spacer\" data-id=\"767440d\" data-element_type=\"widget\" data-e-type=\"widget\" data-widget_type=\"spacer.default\">\n\t\t\t\t\t\t\t<div class=\"elementor-spacer\">\n\t\t\t<div class=\"elementor-spacer-inner\"><\/div>\n\t\t<\/div>\n\t\t\t\t\t\t<\/div>\n\t\t\t\t<div class=\"elementor-element elementor-element-66f3826 elementor-arrows-position-outside elementor-widget elementor-widget-image-carousel\" data-id=\"66f3826\" data-element_type=\"widget\" data-e-type=\"widget\" data-settings=\"{&quot;slides_to_show&quot;:&quot;1&quot;,&quot;navigation&quot;:&quot;arrows&quot;,&quot;autoplay_speed&quot;:1600,&quot;speed&quot;:300,&quot;effect&quot;:&quot;fade&quot;,&quot;autoplay&quot;:&quot;yes&quot;,&quot;pause_on_hover&quot;:&quot;yes&quot;,&quot;pause_on_interaction&quot;:&quot;yes&quot;,&quot;infinite&quot;:&quot;yes&quot;}\" data-widget_type=\"image-carousel.default\">\n\t\t\t\t\t\t\t<div class=\"elementor-image-carousel-wrapper swiper\" role=\"region\" aria-roledescription=\"carousel\" aria-label=\"Image carousel\" dir=\"ltr\">\n\t\t\t<div class=\"elementor-image-carousel swiper-wrapper\" aria-live=\"off\">\n\t\t\t\t\t\t\t\t<div class=\"swiper-slide\" role=\"group\" aria-roledescription=\"slide\" aria-label=\"1 sur 17\"><figure class=\"swiper-slide-inner\"><img decoding=\"async\" class=\"swiper-slide-image\" src=\"https:\/\/yuhaopan.com\/wp-content\/uploads\/2026\/03\/1-2-scaled.jpg\" alt=\"1\" \/><\/figure><\/div><div class=\"swiper-slide\" role=\"group\" aria-roledescription=\"slide\" aria-label=\"2 sur 17\"><figure class=\"swiper-slide-inner\"><img decoding=\"async\" class=\"swiper-slide-image\" src=\"https:\/\/yuhaopan.com\/wp-content\/uploads\/2026\/03\/3-4-scaled.jpg\" alt=\"3\" \/><\/figure><\/div><div class=\"swiper-slide\" role=\"group\" aria-roledescription=\"slide\" aria-label=\"3 sur 17\"><figure class=\"swiper-slide-inner\"><img decoding=\"async\" class=\"swiper-slide-image\" src=\"https:\/\/yuhaopan.com\/wp-content\/uploads\/2026\/03\/2-3-scaled.jpg\" alt=\"2\" \/><\/figure><\/div><div class=\"swiper-slide\" role=\"group\" aria-roledescription=\"slide\" aria-label=\"4 sur 17\"><figure class=\"swiper-slide-inner\"><img decoding=\"async\" class=\"swiper-slide-image\" src=\"https:\/\/yuhaopan.com\/wp-content\/uploads\/2026\/03\/60x80cm-scaled.jpg\" alt=\"60x80cm\" \/><\/figure><\/div><div class=\"swiper-slide\" role=\"group\" aria-roledescription=\"slide\" aria-label=\"5 sur 17\"><figure class=\"swiper-slide-inner\"><img decoding=\"async\" class=\"swiper-slide-image\" src=\"https:\/\/yuhaopan.com\/wp-content\/uploads\/2026\/01\/1.jpg\" alt=\"Silhouette d&#039;un homme au chapeau dans un tourbillon de lumi\u00e8res abstraites, cette \u0153uvre se situe \u00e0 la lisi\u00e8re entre abstraction et impressionnisme photographique. R\u00e9alis\u00e9e par l&#039;artiste Yuhao \u00e0 Paris.\" \/><\/figure><\/div><div class=\"swiper-slide\" role=\"group\" aria-roledescription=\"slide\" aria-label=\"6 sur 17\"><figure class=\"swiper-slide-inner\"><img decoding=\"async\" class=\"swiper-slide-image\" src=\"https:\/\/yuhaopan.com\/wp-content\/uploads\/2026\/01\/3.jpg\" alt=\"Silhouette humaine floue et sombre \u00e9mergeant d&#039;un bokeh de lumi\u00e8res multicolores, photographie impressionniste de Yuhao PAN.\" \/><\/figure><\/div><div class=\"swiper-slide\" role=\"group\" aria-roledescription=\"slide\" aria-label=\"7 sur 17\"><figure class=\"swiper-slide-inner\"><img decoding=\"async\" class=\"swiper-slide-image\" src=\"https:\/\/yuhaopan.com\/wp-content\/uploads\/2026\/01\/4.jpg\" alt=\"Silhouettes humaines floues et en mouvement dynamique sur une place urbaine (Paris), photographie de rue impressionniste par Yuhao PAN, technique de flou de boug\u00e9 et pose longue.\" \/><\/figure><\/div><div class=\"swiper-slide\" role=\"group\" aria-roledescription=\"slide\" aria-label=\"8 sur 17\"><figure class=\"swiper-slide-inner\"><img decoding=\"async\" class=\"swiper-slide-image\" src=\"https:\/\/yuhaopan.com\/wp-content\/uploads\/2026\/01\/2.jpg\" alt=\"2\" \/><\/figure><\/div><div class=\"swiper-slide\" role=\"group\" aria-roledescription=\"slide\" aria-label=\"9 sur 17\"><figure class=\"swiper-slide-inner\"><img decoding=\"async\" class=\"swiper-slide-image\" src=\"https:\/\/yuhaopan.com\/wp-content\/uploads\/2026\/01\/SITE-FRAGMENT-Zone-de-flou-Yuhao-PAN-2.jpg\" alt=\"SITE FRAGMENT - Zone de flou - Yuhao PAN-2\" \/><\/figure><\/div><div class=\"swiper-slide\" role=\"group\" aria-roledescription=\"slide\" aria-label=\"10 sur 17\"><figure class=\"swiper-slide-inner\"><img decoding=\"async\" class=\"swiper-slide-image\" src=\"https:\/\/yuhaopan.com\/wp-content\/uploads\/2026\/01\/6.jpg\" alt=\"6\" \/><\/figure><\/div><div class=\"swiper-slide\" role=\"group\" aria-roledescription=\"slide\" aria-label=\"11 sur 17\"><figure class=\"swiper-slide-inner\"><img decoding=\"async\" class=\"swiper-slide-image\" src=\"https:\/\/yuhaopan.com\/wp-content\/uploads\/2026\/01\/12.jpg\" alt=\"12\" \/><\/figure><\/div><div class=\"swiper-slide\" role=\"group\" aria-roledescription=\"slide\" aria-label=\"12 sur 17\"><figure class=\"swiper-slide-inner\"><img decoding=\"async\" class=\"swiper-slide-image\" src=\"https:\/\/yuhaopan.com\/wp-content\/uploads\/2026\/01\/13.jpg\" alt=\"13\" \/><\/figure><\/div><div class=\"swiper-slide\" role=\"group\" aria-roledescription=\"slide\" aria-label=\"13 sur 17\"><figure class=\"swiper-slide-inner\"><img decoding=\"async\" class=\"swiper-slide-image\" src=\"https:\/\/yuhaopan.com\/wp-content\/uploads\/2026\/01\/11.jpg\" alt=\"11\" \/><\/figure><\/div><div class=\"swiper-slide\" role=\"group\" aria-roledescription=\"slide\" aria-label=\"14 sur 17\"><figure class=\"swiper-slide-inner\"><img decoding=\"async\" class=\"swiper-slide-image\" src=\"https:\/\/yuhaopan.com\/wp-content\/uploads\/2026\/01\/10.jpg\" alt=\"10\" \/><\/figure><\/div><div class=\"swiper-slide\" role=\"group\" aria-roledescription=\"slide\" aria-label=\"15 sur 17\"><figure class=\"swiper-slide-inner\"><img decoding=\"async\" class=\"swiper-slide-image\" src=\"https:\/\/yuhaopan.com\/wp-content\/uploads\/2026\/03\/Chronos-Flora-5.jpg\" alt=\"Chronos-Flora\u00a05\" \/><\/figure><\/div><div class=\"swiper-slide\" role=\"group\" aria-roledescription=\"slide\" aria-label=\"16 sur 17\"><figure class=\"swiper-slide-inner\"><img decoding=\"async\" class=\"swiper-slide-image\" src=\"https:\/\/yuhaopan.com\/wp-content\/uploads\/2026\/03\/Chronos-Flora-7.jpg\" alt=\"Chronos-Flora\u00a07\" \/><\/figure><\/div><div class=\"swiper-slide\" role=\"group\" aria-roledescription=\"slide\" aria-label=\"17 sur 17\"><figure class=\"swiper-slide-inner\"><img decoding=\"async\" class=\"swiper-slide-image\" src=\"https:\/\/yuhaopan.com\/wp-content\/uploads\/2026\/03\/Chronos-Flora-12.jpg\" alt=\"Chronos-Flora\u00a012\" \/><\/figure><\/div>\t\t\t<\/div>\n\t\t\t\t\t\t\t\t\t\t\t\t<div class=\"elementor-swiper-button elementor-swiper-button-prev\" role=\"button\" tabindex=\"0\">\n\t\t\t\t\t\t<i aria-hidden=\"true\" class=\"eicon-chevron-left\"><\/i>\t\t\t\t\t<\/div>\n\t\t\t\t\t<div class=\"elementor-swiper-button elementor-swiper-button-next\" role=\"button\" tabindex=\"0\">\n\t\t\t\t\t\t<i aria-hidden=\"true\" class=\"eicon-chevron-right\"><\/i>\t\t\t\t\t<\/div>\n\t\t\t\t\n\t\t\t\t\t\t\t\t\t<\/div>\n\t\t\t\t\t\t<\/div>\n\t\t\t\t<div class=\"elementor-element elementor-element-e843cf7 elementor-widget elementor-widget-text-editor\" data-id=\"e843cf7\" data-element_type=\"widget\" data-e-type=\"widget\" data-widget_type=\"text-editor.default\">\n\t\t\t\t\t\t\t\t\t<p><span style=\"color: #ffffff;\">Yuhao PAN &#8211; Artiste Photographe<\/span><\/p><p><span style=\"color: #ffffff;\">Par son objectif et son troisi\u00e8me \u0153il, Yuhao capture des instants pr\u00e9cieux et explore la po\u00e9sie, l&rsquo;\u00e9motion et la temporalit\u00e9 entre la Chine et la France. Ses tirages limit\u00e9s sont expos\u00e9s dans <a style=\"color: #ffffff;\" href=\"https:\/\/yuhaopan.com\/en\/expo-fragment\/\" target=\"_blank\" rel=\"noopener\">le Marais<\/a> and <a style=\"color: #ffffff;\" href=\"https:\/\/www.visitparisregion.com\/fr\/les-frigos\" target=\"_blank\" rel=\"noopener\">aux Frigos<\/a>, \u00e0 Paris.<\/span><\/p>\t\t\t\t\t\t\t\t<\/div>\n\t\t\t\t<\/div>\n\t\t\t\t<\/div>\n\t\t\t\t<\/div>","protected":false},"excerpt":{"rendered":"<p>Yuhao PAN, artiste photographe \u00e0 Paris, explore la po\u00e9sie, l&rsquo;\u00e9motion et la temporalit\u00e9 entre la Chine et la France. Ses tirages limit\u00e9s sont expos\u00e9s dans le Marais et aux Frigos, \u00e0 Paris.<\/p>","protected":false},"author":1,"featured_media":0,"parent":0,"menu_order":0,"comment_status":"closed","ping_status":"closed","template":"","meta":{"footnotes":""},"class_list":["post-207","page","type-page","status-publish","hentry"],"yoast_head":"<!-- This site is optimized with the Yoast SEO Premium plugin v26.4 (Yoast SEO v27.5) - https:\/\/yoast.com\/product\/yoast-seo-premium-wordpress\/ -->\n<title>Yuhao PAN - Artiste Photographe \u00e0 Paris<\/title>\n<meta name=\"description\" content=\"Yuhao PAN - Artiste Photographe explore la po\u00e9sie, l&#039;histoire, l&#039;\u00e9motion et la temporalit\u00e9. Ses tirages limit\u00e9s sont expos\u00e9s \u00e0 Paris.\" \/>\n<meta name=\"robots\" content=\"index, follow, max-snippet:-1, max-image-preview:large, max-video-preview:-1\" \/>\n<link rel=\"canonical\" href=\"https:\/\/yuhaopan.com\/en\/\" \/>\n<meta property=\"og:locale\" content=\"en_US\" \/>\n<meta property=\"og:type\" content=\"article\" \/>\n<meta property=\"og:title\" content=\"Yuhao PAN, artiste photographe \u00e0 Paris,\" \/>\n<meta property=\"og:description\" content=\"Par son objectif et son troisi\u00e8me \u0153il, Yuhao capture des instants pr\u00e9cieux et explore la po\u00e9sie, l&#039;\u00e9motion et la temporalit\u00e9 entre la Chine et la France. Ses tirages limit\u00e9s sont expos\u00e9s dans le Marais \u00e0 Paris.\" \/>\n<meta property=\"og:url\" content=\"https:\/\/yuhaopan.com\/en\/\" \/>\n<meta property=\"og:site_name\" content=\"Yuhao PAN\" \/>\n<meta property=\"article:modified_time\" content=\"2026-04-02T18:52:09+00:00\" \/>\n<meta property=\"og:image\" content=\"https:\/\/yuhaopan.com\/wp-content\/uploads\/2026\/03\/Yuhao-PAN-artiste-photographe-a-Paris.jpg\" \/>\n\t<meta property=\"og:image:width\" content=\"1280\" \/>\n\t<meta property=\"og:image:height\" content=\"1280\" \/>\n\t<meta property=\"og:image:type\" content=\"image\/jpeg\" \/>\n<meta name=\"twitter:card\" content=\"summary_large_image\" \/>\n<meta name=\"twitter:title\" content=\"Yuhao PAN, Artiste photographe \u00e0 Paris,\" \/>\n<meta name=\"twitter:description\" content=\"Par son objectif et son troisi\u00e8me \u0153il, Yuhao capture des instants pr\u00e9cieux et explore la po\u00e9sie, l&#039;\u00e9motion et la temporalit\u00e9 entre la Chine et la France. Ses tirages limit\u00e9s sont expos\u00e9s dans le Marais \u00e0 Paris.\" \/>\n<meta name=\"twitter:label1\" content=\"Est. reading time\" \/>\n\t<meta name=\"twitter:data1\" content=\"5 minutes\" \/>\n<script type=\"application\/ld+json\" class=\"yoast-schema-graph\">{\"@context\":\"https:\\\/\\\/schema.org\",\"@graph\":[{\"@type\":[\"WebPage\",\"SearchResultsPage\"],\"@id\":\"https:\\\/\\\/yuhaopan.com\\\/\",\"url\":\"https:\\\/\\\/yuhaopan.com\\\/\",\"name\":\"Yuhao PAN - Artiste Photographe \u00e0 Paris\",\"isPartOf\":{\"@id\":\"https:\\\/\\\/yuhaopan.com\\\/#website\"},\"primaryImageOfPage\":{\"@id\":\"https:\\\/\\\/yuhaopan.com\\\/#primaryimage\"},\"image\":{\"@id\":\"https:\\\/\\\/yuhaopan.com\\\/#primaryimage\"},\"thumbnailUrl\":\"https:\\\/\\\/yuhaopan.com\\\/wp-content\\\/uploads\\\/2026\\\/03\\\/1-2-scaled.jpg\",\"datePublished\":\"2025-11-24T14:09:54+00:00\",\"dateModified\":\"2026-04-02T18:52:09+00:00\",\"description\":\"Yuhao PAN - Artiste Photographe explore la po\u00e9sie, l'histoire, l'\u00e9motion et la temporalit\u00e9. Ses tirages limit\u00e9s sont expos\u00e9s \u00e0 Paris.\",\"breadcrumb\":{\"@id\":\"https:\\\/\\\/yuhaopan.com\\\/#breadcrumb\"},\"inLanguage\":\"en-US\",\"potentialAction\":[{\"@type\":\"ReadAction\",\"target\":[\"https:\\\/\\\/yuhaopan.com\\\/\"]}]},{\"@type\":\"ImageObject\",\"inLanguage\":\"en-US\",\"@id\":\"https:\\\/\\\/yuhaopan.com\\\/#primaryimage\",\"url\":\"https:\\\/\\\/yuhaopan.com\\\/wp-content\\\/uploads\\\/2026\\\/03\\\/1-2-scaled.jpg\",\"contentUrl\":\"https:\\\/\\\/yuhaopan.com\\\/wp-content\\\/uploads\\\/2026\\\/03\\\/1-2-scaled.jpg\"},{\"@type\":\"BreadcrumbList\",\"@id\":\"https:\\\/\\\/yuhaopan.com\\\/#breadcrumb\",\"itemListElement\":[{\"@type\":\"ListItem\",\"position\":1,\"name\":\"Accueil\",\"item\":\"https:\\\/\\\/yuhaopan.com\\\/\"},{\"@type\":\"ListItem\",\"position\":2,\"name\":\"Yuhao PAN\"}]},{\"@type\":\"WebSite\",\"@id\":\"https:\\\/\\\/yuhaopan.com\\\/#website\",\"url\":\"https:\\\/\\\/yuhaopan.com\\\/\",\"name\":\"Yuhao PAN - Artiste Photographe\",\"description\":\"Photographer &amp; Art Director\",\"publisher\":{\"@id\":\"https:\\\/\\\/yuhaopan.com\\\/#\\\/schema\\\/person\\\/9f058b6ae826918e81050013f55ec1b4\"},\"alternateName\":\"Yuhao PAN - Artiste Photographe et Vid\u00e9aste \u00e0 Paris\",\"potentialAction\":[{\"@type\":\"SearchAction\",\"target\":{\"@type\":\"EntryPoint\",\"urlTemplate\":\"https:\\\/\\\/yuhaopan.com\\\/?s={search_term_string}\"},\"query-input\":{\"@type\":\"PropertyValueSpecification\",\"valueRequired\":true,\"valueName\":\"search_term_string\"}}],\"inLanguage\":\"en-US\"},{\"@type\":[\"Person\",\"Organization\"],\"@id\":\"https:\\\/\\\/yuhaopan.com\\\/#\\\/schema\\\/person\\\/9f058b6ae826918e81050013f55ec1b4\",\"name\":\"yuhao.pan@outlook.com\",\"image\":{\"@type\":\"ImageObject\",\"inLanguage\":\"en-US\",\"@id\":\"https:\\\/\\\/yuhaopan.com\\\/wp-content\\\/uploads\\\/2026\\\/01\\\/Cachet-etiquette-Yuhao-pan.jpg\",\"url\":\"https:\\\/\\\/yuhaopan.com\\\/wp-content\\\/uploads\\\/2026\\\/01\\\/Cachet-etiquette-Yuhao-pan.jpg\",\"contentUrl\":\"https:\\\/\\\/yuhaopan.com\\\/wp-content\\\/uploads\\\/2026\\\/01\\\/Cachet-etiquette-Yuhao-pan.jpg\",\"width\":591,\"height\":591,\"caption\":\"yuhao.pan@outlook.com\"},\"logo\":{\"@id\":\"https:\\\/\\\/yuhaopan.com\\\/wp-content\\\/uploads\\\/2026\\\/01\\\/Cachet-etiquette-Yuhao-pan.jpg\"},\"sameAs\":[\"https:\\\/\\\/yuhaopan.com\"]}]}<\/script>\n<!-- \/ Yoast SEO Premium plugin. -->","yoast_head_json":{"title":"Yuhao PAN - Artiste Photographe \u00e0 Paris","description":"Yuhao PAN - Artiste Photographe explore la po\u00e9sie, l'histoire, l'\u00e9motion et la temporalit\u00e9. Ses tirages limit\u00e9s sont expos\u00e9s \u00e0 Paris.","robots":{"index":"index","follow":"follow","max-snippet":"max-snippet:-1","max-image-preview":"max-image-preview:large","max-video-preview":"max-video-preview:-1"},"canonical":"https:\/\/yuhaopan.com\/en\/","og_locale":"en_US","og_type":"article","og_title":"Yuhao PAN, artiste photographe \u00e0 Paris,","og_description":"Par son objectif et son troisi\u00e8me \u0153il, Yuhao capture des instants pr\u00e9cieux et explore la po\u00e9sie, l'\u00e9motion et la temporalit\u00e9 entre la Chine et la France. Ses tirages limit\u00e9s sont expos\u00e9s dans le Marais \u00e0 Paris.","og_url":"https:\/\/yuhaopan.com\/en\/","og_site_name":"Yuhao PAN","article_modified_time":"2026-04-02T18:52:09+00:00","og_image":[{"width":1280,"height":1280,"url":"https:\/\/yuhaopan.com\/wp-content\/uploads\/2026\/03\/Yuhao-PAN-artiste-photographe-a-Paris.jpg","type":"image\/jpeg"}],"twitter_card":"summary_large_image","twitter_title":"Yuhao PAN, Artiste photographe \u00e0 Paris,","twitter_description":"Par son objectif et son troisi\u00e8me \u0153il, Yuhao capture des instants pr\u00e9cieux et explore la po\u00e9sie, l'\u00e9motion et la temporalit\u00e9 entre la Chine et la France. Ses tirages limit\u00e9s sont expos\u00e9s dans le Marais \u00e0 Paris.","twitter_misc":{"Est. reading time":"5 minutes"},"schema":{"@context":"https:\/\/schema.org","@graph":[{"@type":["WebPage","SearchResultsPage"],"@id":"https:\/\/yuhaopan.com\/","url":"https:\/\/yuhaopan.com\/","name":"Yuhao PAN - Artiste Photographe \u00e0 Paris","isPartOf":{"@id":"https:\/\/yuhaopan.com\/#website"},"primaryImageOfPage":{"@id":"https:\/\/yuhaopan.com\/#primaryimage"},"image":{"@id":"https:\/\/yuhaopan.com\/#primaryimage"},"thumbnailUrl":"https:\/\/yuhaopan.com\/wp-content\/uploads\/2026\/03\/1-2-scaled.jpg","datePublished":"2025-11-24T14:09:54+00:00","dateModified":"2026-04-02T18:52:09+00:00","description":"Yuhao PAN - Artiste Photographe explore la po\u00e9sie, l'histoire, l'\u00e9motion et la temporalit\u00e9. Ses tirages limit\u00e9s sont expos\u00e9s \u00e0 Paris.","breadcrumb":{"@id":"https:\/\/yuhaopan.com\/#breadcrumb"},"inLanguage":"en-US","potentialAction":[{"@type":"ReadAction","target":["https:\/\/yuhaopan.com\/"]}]},{"@type":"ImageObject","inLanguage":"en-US","@id":"https:\/\/yuhaopan.com\/#primaryimage","url":"https:\/\/yuhaopan.com\/wp-content\/uploads\/2026\/03\/1-2-scaled.jpg","contentUrl":"https:\/\/yuhaopan.com\/wp-content\/uploads\/2026\/03\/1-2-scaled.jpg"},{"@type":"BreadcrumbList","@id":"https:\/\/yuhaopan.com\/#breadcrumb","itemListElement":[{"@type":"ListItem","position":1,"name":"Accueil","item":"https:\/\/yuhaopan.com\/"},{"@type":"ListItem","position":2,"name":"Yuhao PAN"}]},{"@type":"WebSite","@id":"https:\/\/yuhaopan.com\/#website","url":"https:\/\/yuhaopan.com\/","name":"Yuhao PAN - Artiste Photographe","description":"Photographer &amp; Art Director","publisher":{"@id":"https:\/\/yuhaopan.com\/#\/schema\/person\/9f058b6ae826918e81050013f55ec1b4"},"alternateName":"Yuhao PAN - Artiste Photographe et Vid\u00e9aste \u00e0 Paris","potentialAction":[{"@type":"SearchAction","target":{"@type":"EntryPoint","urlTemplate":"https:\/\/yuhaopan.com\/?s={search_term_string}"},"query-input":{"@type":"PropertyValueSpecification","valueRequired":true,"valueName":"search_term_string"}}],"inLanguage":"en-US"},{"@type":["Person","Organization"],"@id":"https:\/\/yuhaopan.com\/#\/schema\/person\/9f058b6ae826918e81050013f55ec1b4","name":"yuhao.pan@outlook.com","image":{"@type":"ImageObject","inLanguage":"en-US","@id":"https:\/\/yuhaopan.com\/wp-content\/uploads\/2026\/01\/Cachet-etiquette-Yuhao-pan.jpg","url":"https:\/\/yuhaopan.com\/wp-content\/uploads\/2026\/01\/Cachet-etiquette-Yuhao-pan.jpg","contentUrl":"https:\/\/yuhaopan.com\/wp-content\/uploads\/2026\/01\/Cachet-etiquette-Yuhao-pan.jpg","width":591,"height":591,"caption":"yuhao.pan@outlook.com"},"logo":{"@id":"https:\/\/yuhaopan.com\/wp-content\/uploads\/2026\/01\/Cachet-etiquette-Yuhao-pan.jpg"},"sameAs":["https:\/\/yuhaopan.com"]}]}},"_links":{"self":[{"href":"https:\/\/yuhaopan.com\/en\/wp-json\/wp\/v2\/pages\/207","targetHints":{"allow":["GET"]}}],"collection":[{"href":"https:\/\/yuhaopan.com\/en\/wp-json\/wp\/v2\/pages"}],"about":[{"href":"https:\/\/yuhaopan.com\/en\/wp-json\/wp\/v2\/types\/page"}],"author":[{"embeddable":true,"href":"https:\/\/yuhaopan.com\/en\/wp-json\/wp\/v2\/users\/1"}],"replies":[{"embeddable":true,"href":"https:\/\/yuhaopan.com\/en\/wp-json\/wp\/v2\/comments?post=207"}],"version-history":[{"count":0,"href":"https:\/\/yuhaopan.com\/en\/wp-json\/wp\/v2\/pages\/207\/revisions"}],"wp:attachment":[{"href":"https:\/\/yuhaopan.com\/en\/wp-json\/wp\/v2\/media?parent=207"}],"curies":[{"name":"wp","href":"https:\/\/api.w.org\/{rel}","templated":true}]}}