{"id":3343,"date":"2026-03-29T18:09:12","date_gmt":"2026-03-29T18:09:12","guid":{"rendered":"https:\/\/yuhaopan.com\/?page_id=3343"},"modified":"2026-04-03T09:25:23","modified_gmt":"2026-04-03T09:25:23","slug":"chronos-flora","status":"publish","type":"page","link":"https:\/\/yuhaopan.com\/en\/chronos-flora\/","title":{"rendered":"Chronos-Flora"},"content":{"rendered":"<div data-elementor-type=\"wp-page\" data-elementor-id=\"3343\" class=\"elementor elementor-3343\" data-elementor-post-type=\"page\">\n\t\t\t\t<div class=\"elementor-element elementor-element-1fecd73 e-con-full e-flex e-con e-parent\" data-id=\"1fecd73\" data-element_type=\"container\" data-e-type=\"container\" data-settings=\"{&quot;background_background&quot;:&quot;classic&quot;}\">\n\t\t<div class=\"elementor-element elementor-element-00b219f e-con-full e-flex e-con e-child\" data-id=\"00b219f\" data-element_type=\"container\" data-e-type=\"container\">\n\t\t\t\t<div class=\"elementor-element elementor-element-cb46da2 elementor-widget elementor-widget-spacer\" data-id=\"cb46da2\" data-element_type=\"widget\" data-e-type=\"widget\" data-widget_type=\"spacer.default\">\n\t\t\t\t\t\t\t<div class=\"elementor-spacer\">\n\t\t\t<div class=\"elementor-spacer-inner\"><\/div>\n\t\t<\/div>\n\t\t\t\t\t\t<\/div>\n\t\t\t\t<\/div>\n\t\t<div class=\"elementor-element elementor-element-ac57bf3 e-con-full e-flex e-con e-child\" data-id=\"ac57bf3\" data-element_type=\"container\" data-e-type=\"container\">\n\t\t\t\t<div class=\"elementor-element elementor-element-d16affd elementor-widget elementor-widget-spacer\" data-id=\"d16affd\" data-element_type=\"widget\" data-e-type=\"widget\" data-widget_type=\"spacer.default\">\n\t\t\t\t\t\t\t<div class=\"elementor-spacer\">\n\t\t\t<div class=\"elementor-spacer-inner\"><\/div>\n\t\t<\/div>\n\t\t\t\t\t\t<\/div>\n\t\t\t\t<div class=\"elementor-element elementor-element-e278e78 elementor-widget elementor-widget-text-editor\" data-id=\"e278e78\" data-element_type=\"widget\" data-e-type=\"widget\" data-widget_type=\"text-editor.default\">\n\t\t\t\t\t\t\t\t\t<h4 data-id=\"fe47905\" data-element_type=\"widget\" data-widget_type=\"text-editor.default\"><strong><span style=\"color: #000000;\">'' Chronos-Flora ''<\/span>\u00a0<span style=\"color: #000000;\">\u00bb<\/span><\/strong><\/h4><p data-path-to-node=\"5\">The Chronos-Flora <em>Chronos-Flora<\/em> is an exploration of floral matter through the prism of time.<br \/>Moving away from sharpness, I use long exposure to reinterpret silhouettes and colored pulsations. Each print becomes an impressionist pictorial work. These photographs do not merely show flowers, but rather trails of light and chromatic frictions. I invite you to observe not what is, but what fades: a study of impermanence where the living dissolves into duration.<br \/>Chronos-Flora is a visual meditation on nature and ourselves, captured in the interval between presence and erasure.<\/p><p style=\"text-align: right;\" data-path-to-node=\"5\">Presented by Yuhao PAN<\/p>\t\t\t\t\t\t\t\t<\/div>\n\t\t\t\t<div class=\"elementor-element elementor-element-08efe09 elementor-widget elementor-widget-gallery\" data-id=\"08efe09\" data-element_type=\"widget\" data-e-type=\"widget\" data-settings=\"{&quot;gallery_layout&quot;:&quot;justified&quot;,&quot;ideal_row_height&quot;:{&quot;unit&quot;:&quot;px&quot;,&quot;size&quot;:400,&quot;sizes&quot;:[]},&quot;ideal_row_height_tablet&quot;:{&quot;unit&quot;:&quot;px&quot;,&quot;size&quot;:280,&quot;sizes&quot;:[]},&quot;ideal_row_height_mobile&quot;:{&quot;unit&quot;:&quot;px&quot;,&quot;size&quot;:200,&quot;sizes&quot;:[]},&quot;gap&quot;:{&quot;unit&quot;:&quot;px&quot;,&quot;size&quot;:15,&quot;sizes&quot;:[]},&quot;lazyload&quot;:&quot;yes&quot;,&quot;gap_tablet&quot;:{&quot;unit&quot;:&quot;px&quot;,&quot;size&quot;:10,&quot;sizes&quot;:[]},&quot;gap_mobile&quot;:{&quot;unit&quot;:&quot;px&quot;,&quot;size&quot;:10,&quot;sizes&quot;:[]},&quot;content_hover_animation&quot;:&quot;fade-in&quot;}\" data-widget_type=\"gallery.default\">\n\t\t\t\t\t\t\t<div class=\"elementor-gallery__container\">\n\t\t\t\t\t\t\t<div class=\"e-gallery-item elementor-gallery-item elementor-animated-content\">\n\t\t\t\t\t<div class=\"e-gallery-image elementor-gallery-item__image\" data-thumbnail=\"https:\/\/yuhaopan.com\/wp-content\/uploads\/2026\/04\/Chronos-Flora-Yuhao-PAN-14.jpg\" data-width=\"1639\" data-height=\"2048\" aria-label=\"\" role=\"img\" ><\/div>\n\t\t\t\t\t\t\t\t\t\t\t\t\t\t<\/div>\n\t\t\t\t\t\t\t<div class=\"e-gallery-item elementor-gallery-item elementor-animated-content\">\n\t\t\t\t\t<div class=\"e-gallery-image elementor-gallery-item__image\" data-thumbnail=\"https:\/\/yuhaopan.com\/wp-content\/uploads\/2026\/04\/Chronos-Flora-Yuhao-PAN-5.jpg\" data-width=\"1638\" data-height=\"2048\" aria-label=\"\" role=\"img\" ><\/div>\n\t\t\t\t\t\t\t\t\t\t\t\t\t\t<\/div>\n\t\t\t\t\t\t\t<div class=\"e-gallery-item elementor-gallery-item elementor-animated-content\">\n\t\t\t\t\t<div class=\"e-gallery-image elementor-gallery-item__image\" data-thumbnail=\"https:\/\/yuhaopan.com\/wp-content\/uploads\/2026\/04\/Sans-titre-SITE.jpg\" data-width=\"1638\" data-height=\"2048\" aria-label=\"\" role=\"img\" ><\/div>\n\t\t\t\t\t\t\t\t\t\t\t\t\t\t<\/div>\n\t\t\t\t\t\t\t<div class=\"e-gallery-item elementor-gallery-item elementor-animated-content\">\n\t\t\t\t\t<div class=\"e-gallery-image elementor-gallery-item__image\" data-thumbnail=\"https:\/\/yuhaopan.com\/wp-content\/uploads\/2026\/04\/Sans-titre-SITE-3.jpg\" data-width=\"1638\" data-height=\"2048\" aria-label=\"\" role=\"img\" ><\/div>\n\t\t\t\t\t\t\t\t\t\t\t\t\t\t<\/div>\n\t\t\t\t\t\t\t<div class=\"e-gallery-item elementor-gallery-item elementor-animated-content\">\n\t\t\t\t\t<div class=\"e-gallery-image elementor-gallery-item__image\" data-thumbnail=\"https:\/\/yuhaopan.com\/wp-content\/uploads\/2026\/04\/Sans-titre-SITE-2.jpg\" data-width=\"1639\" data-height=\"2048\" aria-label=\"\" role=\"img\" ><\/div>\n\t\t\t\t\t\t\t\t\t\t\t\t\t\t<\/div>\n\t\t\t\t\t\t\t<div class=\"e-gallery-item elementor-gallery-item elementor-animated-content\">\n\t\t\t\t\t<div class=\"e-gallery-image elementor-gallery-item__image\" data-thumbnail=\"https:\/\/yuhaopan.com\/wp-content\/uploads\/2026\/04\/Chronos-Flora-Yuhao-PAN-2.jpg\" data-width=\"1638\" data-height=\"2048\" aria-label=\"\" role=\"img\" ><\/div>\n\t\t\t\t\t\t\t\t\t\t\t\t\t\t<\/div>\n\t\t\t\t\t\t\t<div class=\"e-gallery-item elementor-gallery-item elementor-animated-content\">\n\t\t\t\t\t<div class=\"e-gallery-image elementor-gallery-item__image\" data-thumbnail=\"https:\/\/yuhaopan.com\/wp-content\/uploads\/2026\/04\/Chronos-Flora-Yuhao-PAN-8.jpg\" data-width=\"1638\" data-height=\"2048\" aria-label=\"\" role=\"img\" ><\/div>\n\t\t\t\t\t\t\t\t\t\t\t\t\t\t<\/div>\n\t\t\t\t\t\t\t<div class=\"e-gallery-item elementor-gallery-item elementor-animated-content\">\n\t\t\t\t\t<div class=\"e-gallery-image elementor-gallery-item__image\" data-thumbnail=\"https:\/\/yuhaopan.com\/wp-content\/uploads\/2026\/04\/Chronos-Flora-Yuhao-PAN-7.jpg\" data-width=\"1638\" data-height=\"2048\" aria-label=\"\" role=\"img\" ><\/div>\n\t\t\t\t\t\t\t\t\t\t\t\t\t\t<\/div>\n\t\t\t\t\t\t\t<div class=\"e-gallery-item elementor-gallery-item elementor-animated-content\">\n\t\t\t\t\t<div class=\"e-gallery-image elementor-gallery-item__image\" data-thumbnail=\"https:\/\/yuhaopan.com\/wp-content\/uploads\/2026\/04\/Chronos-Flora-Yuhao-PAN-6.jpg\" data-width=\"1638\" data-height=\"2048\" aria-label=\"\" role=\"img\" ><\/div>\n\t\t\t\t\t\t\t\t\t\t\t\t\t\t<\/div>\n\t\t\t\t\t\t\t<div class=\"e-gallery-item elementor-gallery-item elementor-animated-content\">\n\t\t\t\t\t<div class=\"e-gallery-image elementor-gallery-item__image\" data-thumbnail=\"https:\/\/yuhaopan.com\/wp-content\/uploads\/2026\/04\/Chronos-Flora-Yuhao-PAN-10.jpg\" data-width=\"1638\" data-height=\"2048\" aria-label=\"\" role=\"img\" ><\/div>\n\t\t\t\t\t\t\t\t\t\t\t\t\t\t<\/div>\n\t\t\t\t\t\t\t<div class=\"e-gallery-item elementor-gallery-item elementor-animated-content\">\n\t\t\t\t\t<div class=\"e-gallery-image elementor-gallery-item__image\" data-thumbnail=\"https:\/\/yuhaopan.com\/wp-content\/uploads\/2026\/04\/Chronos-Flora-Yuhao-PAN-13.jpg\" data-width=\"1638\" data-height=\"2048\" aria-label=\"\" role=\"img\" ><\/div>\n\t\t\t\t\t\t\t\t\t\t\t\t\t\t<\/div>\n\t\t\t\t\t\t\t<div class=\"e-gallery-item elementor-gallery-item elementor-animated-content\">\n\t\t\t\t\t<div class=\"e-gallery-image elementor-gallery-item__image\" data-thumbnail=\"https:\/\/yuhaopan.com\/wp-content\/uploads\/2026\/04\/Chronos-Flora-Yuhao-PAN-4.jpg\" data-width=\"1638\" data-height=\"2048\" aria-label=\"\" role=\"img\" ><\/div>\n\t\t\t\t\t\t\t\t\t\t\t\t\t\t<\/div>\n\t\t\t\t\t<\/div>\n\t\t\t\t\t<\/div>\n\t\t\t\t<div class=\"elementor-element elementor-element-6d21801 elementor-widget elementor-widget-spacer\" data-id=\"6d21801\" data-element_type=\"widget\" data-e-type=\"widget\" data-widget_type=\"spacer.default\">\n\t\t\t\t\t\t\t<div class=\"elementor-spacer\">\n\t\t\t<div class=\"elementor-spacer-inner\"><\/div>\n\t\t<\/div>\n\t\t\t\t\t\t<\/div>\n\t\t<div class=\"elementor-element elementor-element-279a25b e-grid e-con-full e-con e-child\" data-id=\"279a25b\" data-element_type=\"container\" data-e-type=\"container\">\n\t\t\t\t<div class=\"elementor-element elementor-element-d054e45 elementor-widget elementor-widget-text-editor\" data-id=\"d054e45\" data-element_type=\"widget\" data-e-type=\"widget\" data-widget_type=\"text-editor.default\">\n\t\t\t\t\t\t\t\t\t<h6><strong>Information for Collectors <\/strong><\/h6><p data-path-to-node=\"4\"><b data-path-to-node=\"4\" data-index-in-node=\"0\">Artist:<\/b> Yuhao PAN \u00a9<\/p><p data-path-to-node=\"4\"><b data-path-to-node=\"4\" data-index-in-node=\"22\">Series\uff1a<\/b> <i data-path-to-node=\"4\" data-index-in-node=\"30\">Chronos-Flora<\/i><\/p><p data-path-to-node=\"4\"><b data-path-to-node=\"4\" data-index-in-node=\"44\">Format\uff1a<\/b> 40 \u00d7 50 cm<\/p><p data-path-to-node=\"4\"><b data-path-to-node=\"4\" data-index-in-node=\"64\">Limited edition of 8 + 2 artist's proof (AP).<\/b><strong>on Limit\u00e9e \u00e0<\/strong> 8<b data-path-to-node=\"4\" data-index-in-node=\"84\">\u00a0exemplaires<\/b> + 2 \u00e9preuve d\u2019artiste (EA).<\/p><p data-path-to-node=\"5\">Fine Art pigment print on Hahnem\u00fchle Photo Rag\u00ae Baryta 315g paper <span style=\"color: #808080;\">Cotton textured art paper offering exceptional black depth (D-Max). Certified archival quality (over 100 years).<\/span><\/p><p data-path-to-node=\"6\">Mounted on 2 mm Dibond with an aluminum subframe (30 \u00d7 20 mm).<\/p><p data-path-to-node=\"7\">Signed and numbered on the back, accompanied by a certificate of authenticity and ownership established by the artist.<\/p><p data-path-to-node=\"8\">Printing &amp; Finishing:\u00a0<strong>Laboratoire Picto Paris.<\/strong><\/p><p data-path-to-node=\"9\"><i data-path-to-node=\"9\" data-index-in-node=\"0\">Note: A print-only version (unmounted) is available upon request.<\/i><\/p>\t\t\t\t\t\t\t\t<\/div>\n\t\t\t\t<div class=\"elementor-element elementor-element-536e5ac elementor-arrows-position-outside elementor-widget elementor-widget-image-carousel\" data-id=\"536e5ac\" data-element_type=\"widget\" data-e-type=\"widget\" data-settings=\"{&quot;slides_to_show&quot;:&quot;1&quot;,&quot;navigation&quot;:&quot;arrows&quot;,&quot;autoplay_speed&quot;:1600,&quot;speed&quot;:300,&quot;effect&quot;:&quot;fade&quot;,&quot;autoplay&quot;:&quot;yes&quot;,&quot;pause_on_hover&quot;:&quot;yes&quot;,&quot;pause_on_interaction&quot;:&quot;yes&quot;,&quot;infinite&quot;:&quot;yes&quot;}\" data-widget_type=\"image-carousel.default\">\n\t\t\t\t\t\t\t<div class=\"elementor-image-carousel-wrapper swiper\" role=\"region\" aria-roledescription=\"carousel\" aria-label=\"Image carousel\" dir=\"ltr\">\n\t\t\t<div class=\"elementor-image-carousel swiper-wrapper\" aria-live=\"off\">\n\t\t\t\t\t\t\t\t<div class=\"swiper-slide\" role=\"group\" aria-roledescription=\"slide\" aria-label=\"1 sur 4\"><figure class=\"swiper-slide-inner\"><img decoding=\"async\" class=\"swiper-slide-image\" src=\"https:\/\/yuhaopan.com\/wp-content\/uploads\/2026\/03\/Chronos-Flora-Tirage-Par-Picto-Paris-1-scaled.jpg\" alt=\"Chronos-Flora - Tirage Par Picto Paris 1\" \/><\/figure><\/div><div class=\"swiper-slide\" role=\"group\" aria-roledescription=\"slide\" aria-label=\"2 sur 4\"><figure class=\"swiper-slide-inner\"><img decoding=\"async\" class=\"swiper-slide-image\" src=\"https:\/\/yuhaopan.com\/wp-content\/uploads\/2026\/03\/Chronos-Flora-Tirage-Par-Picto-Paris-2-scaled.jpg\" alt=\"Chronos-Flora - Tirage Par Picto Paris 2\" \/><\/figure><\/div><div class=\"swiper-slide\" role=\"group\" aria-roledescription=\"slide\" aria-label=\"3 sur 4\"><figure class=\"swiper-slide-inner\"><img decoding=\"async\" class=\"swiper-slide-image\" src=\"https:\/\/yuhaopan.com\/wp-content\/uploads\/2026\/03\/Chronos-Flora-Tirage-Par-Picto-Paris-3-scaled.jpg\" alt=\"Chronos-Flora - Tirage Par Picto Paris 3\" \/><\/figure><\/div><div class=\"swiper-slide\" role=\"group\" aria-roledescription=\"slide\" aria-label=\"4 sur 4\"><figure class=\"swiper-slide-inner\"><img decoding=\"async\" class=\"swiper-slide-image\" src=\"https:\/\/yuhaopan.com\/wp-content\/uploads\/2026\/03\/Chronos-Flora-Tirage-Par-Picto-Paris-4-scaled.jpg\" alt=\"Chronos-Flora - Tirage Par Picto Paris 4\" \/><\/figure><\/div>\t\t\t<\/div>\n\t\t\t\t\t\t\t\t\t\t\t\t<div class=\"elementor-swiper-button elementor-swiper-button-prev\" role=\"button\" tabindex=\"0\">\n\t\t\t\t\t\t<i aria-hidden=\"true\" class=\"eicon-chevron-left\"><\/i>\t\t\t\t\t<\/div>\n\t\t\t\t\t<div class=\"elementor-swiper-button elementor-swiper-button-next\" role=\"button\" tabindex=\"0\">\n\t\t\t\t\t\t<i aria-hidden=\"true\" class=\"eicon-chevron-right\"><\/i>\t\t\t\t\t<\/div>\n\t\t\t\t\n\t\t\t\t\t\t\t\t\t<\/div>\n\t\t\t\t\t\t<\/div>\n\t\t\t\t<\/div>\n\t\t\t\t<\/div>\n\t\t\t\t<\/div>\n\t\t\t\t<\/div>","protected":false},"excerpt":{"rendered":"<p>\u00ab Chronos-Flora\u00a0\u00bb La s\u00e9rie Chronos-Flora est une exploration de la mati\u00e8re florale \u00e0 travers le prisme du temps.S\u2019\u00e9loignant de la nettet\u00e9, j\u2019utilise la pose longue pour r\u00e9interpr\u00e9ter les silhouettes et la pulsation color\u00e9e. Chaque tirage devient une \u0153uvre picturale impressionniste. Les photographies pr\u00e9sent\u00e9es ne donnent pas \u00e0 voir des fleurs, mais des tra\u00een\u00e9es de lumi\u00e8re [&hellip;]<\/p>\n","protected":false},"author":1,"featured_media":0,"parent":0,"menu_order":0,"comment_status":"closed","ping_status":"closed","template":"","meta":{"footnotes":""},"class_list":["post-3343","page","type-page","status-publish","hentry"],"yoast_head":"<!-- This site is optimized with the Yoast SEO Premium plugin v26.4 (Yoast SEO v27.5) - https:\/\/yoast.com\/product\/yoast-seo-premium-wordpress\/ -->\n<title>Chronos-Flora - Yuhao PAN<\/title>\n<meta name=\"robots\" content=\"index, follow, max-snippet:-1, max-image-preview:large, max-video-preview:-1\" \/>\n<link rel=\"canonical\" href=\"https:\/\/yuhaopan.com\/en\/chronos-flora\/\" \/>\n<meta property=\"og:locale\" content=\"en_US\" \/>\n<meta property=\"og:type\" content=\"article\" \/>\n<meta property=\"og:title\" content=\"Chronos-Flora\" \/>\n<meta property=\"og:description\" content=\"\u00ab Chronos-Flora\u00a0\u00bb La s\u00e9rie Chronos-Flora est une exploration de la mati\u00e8re florale \u00e0 travers le prisme du temps.S\u2019\u00e9loignant de la nettet\u00e9, j\u2019utilise la pose longue pour r\u00e9interpr\u00e9ter les silhouettes et la pulsation color\u00e9e. Chaque tirage devient une \u0153uvre picturale impressionniste. Les photographies pr\u00e9sent\u00e9es ne donnent pas \u00e0 voir des fleurs, mais des tra\u00een\u00e9es de lumi\u00e8re [&hellip;]\" \/>\n<meta property=\"og:url\" content=\"https:\/\/yuhaopan.com\/en\/chronos-flora\/\" \/>\n<meta property=\"og:site_name\" content=\"Yuhao PAN\" \/>\n<meta property=\"article:modified_time\" content=\"2026-04-03T09:25:23+00:00\" \/>\n<meta property=\"og:image\" content=\"https:\/\/yuhaopan.com\/wp-content\/uploads\/2026\/03\/Chronos-Flora-Tirage-Par-Picto-Paris-1-scaled.jpg\" \/>\n<meta name=\"twitter:card\" content=\"summary_large_image\" \/>\n<meta name=\"twitter:label1\" content=\"Est. reading time\" \/>\n\t<meta name=\"twitter:data1\" content=\"3 minutes\" \/>\n<script type=\"application\/ld+json\" class=\"yoast-schema-graph\">{\"@context\":\"https:\\\/\\\/schema.org\",\"@graph\":[{\"@type\":\"WebPage\",\"@id\":\"https:\\\/\\\/yuhaopan.com\\\/chronos-flora\\\/\",\"url\":\"https:\\\/\\\/yuhaopan.com\\\/chronos-flora\\\/\",\"name\":\"Chronos-Flora - Yuhao PAN\",\"isPartOf\":{\"@id\":\"https:\\\/\\\/yuhaopan.com\\\/#website\"},\"primaryImageOfPage\":{\"@id\":\"https:\\\/\\\/yuhaopan.com\\\/chronos-flora\\\/#primaryimage\"},\"image\":{\"@id\":\"https:\\\/\\\/yuhaopan.com\\\/chronos-flora\\\/#primaryimage\"},\"thumbnailUrl\":\"https:\\\/\\\/yuhaopan.com\\\/wp-content\\\/uploads\\\/2026\\\/03\\\/Chronos-Flora-Tirage-Par-Picto-Paris-1-scaled.jpg\",\"datePublished\":\"2026-03-29T18:09:12+00:00\",\"dateModified\":\"2026-04-03T09:25:23+00:00\",\"breadcrumb\":{\"@id\":\"https:\\\/\\\/yuhaopan.com\\\/chronos-flora\\\/#breadcrumb\"},\"inLanguage\":\"en-US\",\"potentialAction\":[{\"@type\":\"ReadAction\",\"target\":[\"https:\\\/\\\/yuhaopan.com\\\/chronos-flora\\\/\"]}]},{\"@type\":\"ImageObject\",\"inLanguage\":\"en-US\",\"@id\":\"https:\\\/\\\/yuhaopan.com\\\/chronos-flora\\\/#primaryimage\",\"url\":\"https:\\\/\\\/yuhaopan.com\\\/wp-content\\\/uploads\\\/2026\\\/03\\\/Chronos-Flora-Tirage-Par-Picto-Paris-1-scaled.jpg\",\"contentUrl\":\"https:\\\/\\\/yuhaopan.com\\\/wp-content\\\/uploads\\\/2026\\\/03\\\/Chronos-Flora-Tirage-Par-Picto-Paris-1-scaled.jpg\"},{\"@type\":\"BreadcrumbList\",\"@id\":\"https:\\\/\\\/yuhaopan.com\\\/chronos-flora\\\/#breadcrumb\",\"itemListElement\":[{\"@type\":\"ListItem\",\"position\":1,\"name\":\"Accueil\",\"item\":\"https:\\\/\\\/yuhaopan.com\\\/\"},{\"@type\":\"ListItem\",\"position\":2,\"name\":\"Chronos-Flora\"}]},{\"@type\":\"WebSite\",\"@id\":\"https:\\\/\\\/yuhaopan.com\\\/#website\",\"url\":\"https:\\\/\\\/yuhaopan.com\\\/\",\"name\":\"Yuhao PAN - Artiste Photographe\",\"description\":\"Photographer &amp; Art Director\",\"publisher\":{\"@id\":\"https:\\\/\\\/yuhaopan.com\\\/#\\\/schema\\\/person\\\/9f058b6ae826918e81050013f55ec1b4\"},\"alternateName\":\"Yuhao PAN - Artiste Photographe et Vid\u00e9aste \u00e0 Paris\",\"potentialAction\":[{\"@type\":\"SearchAction\",\"target\":{\"@type\":\"EntryPoint\",\"urlTemplate\":\"https:\\\/\\\/yuhaopan.com\\\/?s={search_term_string}\"},\"query-input\":{\"@type\":\"PropertyValueSpecification\",\"valueRequired\":true,\"valueName\":\"search_term_string\"}}],\"inLanguage\":\"en-US\"},{\"@type\":[\"Person\",\"Organization\"],\"@id\":\"https:\\\/\\\/yuhaopan.com\\\/#\\\/schema\\\/person\\\/9f058b6ae826918e81050013f55ec1b4\",\"name\":\"yuhao.pan@outlook.com\",\"image\":{\"@type\":\"ImageObject\",\"inLanguage\":\"en-US\",\"@id\":\"https:\\\/\\\/yuhaopan.com\\\/wp-content\\\/uploads\\\/2026\\\/01\\\/Cachet-etiquette-Yuhao-pan.jpg\",\"url\":\"https:\\\/\\\/yuhaopan.com\\\/wp-content\\\/uploads\\\/2026\\\/01\\\/Cachet-etiquette-Yuhao-pan.jpg\",\"contentUrl\":\"https:\\\/\\\/yuhaopan.com\\\/wp-content\\\/uploads\\\/2026\\\/01\\\/Cachet-etiquette-Yuhao-pan.jpg\",\"width\":591,\"height\":591,\"caption\":\"yuhao.pan@outlook.com\"},\"logo\":{\"@id\":\"https:\\\/\\\/yuhaopan.com\\\/wp-content\\\/uploads\\\/2026\\\/01\\\/Cachet-etiquette-Yuhao-pan.jpg\"},\"sameAs\":[\"https:\\\/\\\/yuhaopan.com\"]}]}<\/script>\n<!-- \/ Yoast SEO Premium plugin. -->","yoast_head_json":{"title":"Chronos-Flora - Yuhao PAN","robots":{"index":"index","follow":"follow","max-snippet":"max-snippet:-1","max-image-preview":"max-image-preview:large","max-video-preview":"max-video-preview:-1"},"canonical":"https:\/\/yuhaopan.com\/en\/chronos-flora\/","og_locale":"en_US","og_type":"article","og_title":"Chronos-Flora","og_description":"\u00ab Chronos-Flora\u00a0\u00bb La s\u00e9rie Chronos-Flora est une exploration de la mati\u00e8re florale \u00e0 travers le prisme du temps.S\u2019\u00e9loignant de la nettet\u00e9, j\u2019utilise la pose longue pour r\u00e9interpr\u00e9ter les silhouettes et la pulsation color\u00e9e. Chaque tirage devient une \u0153uvre picturale impressionniste. Les photographies pr\u00e9sent\u00e9es ne donnent pas \u00e0 voir des fleurs, mais des tra\u00een\u00e9es de lumi\u00e8re [&hellip;]","og_url":"https:\/\/yuhaopan.com\/en\/chronos-flora\/","og_site_name":"Yuhao PAN","article_modified_time":"2026-04-03T09:25:23+00:00","og_image":[{"url":"https:\/\/yuhaopan.com\/wp-content\/uploads\/2026\/03\/Chronos-Flora-Tirage-Par-Picto-Paris-1-scaled.jpg","type":"","width":"","height":""}],"twitter_card":"summary_large_image","twitter_misc":{"Est. reading time":"3 minutes"},"schema":{"@context":"https:\/\/schema.org","@graph":[{"@type":"WebPage","@id":"https:\/\/yuhaopan.com\/chronos-flora\/","url":"https:\/\/yuhaopan.com\/chronos-flora\/","name":"Chronos-Flora - Yuhao PAN","isPartOf":{"@id":"https:\/\/yuhaopan.com\/#website"},"primaryImageOfPage":{"@id":"https:\/\/yuhaopan.com\/chronos-flora\/#primaryimage"},"image":{"@id":"https:\/\/yuhaopan.com\/chronos-flora\/#primaryimage"},"thumbnailUrl":"https:\/\/yuhaopan.com\/wp-content\/uploads\/2026\/03\/Chronos-Flora-Tirage-Par-Picto-Paris-1-scaled.jpg","datePublished":"2026-03-29T18:09:12+00:00","dateModified":"2026-04-03T09:25:23+00:00","breadcrumb":{"@id":"https:\/\/yuhaopan.com\/chronos-flora\/#breadcrumb"},"inLanguage":"en-US","potentialAction":[{"@type":"ReadAction","target":["https:\/\/yuhaopan.com\/chronos-flora\/"]}]},{"@type":"ImageObject","inLanguage":"en-US","@id":"https:\/\/yuhaopan.com\/chronos-flora\/#primaryimage","url":"https:\/\/yuhaopan.com\/wp-content\/uploads\/2026\/03\/Chronos-Flora-Tirage-Par-Picto-Paris-1-scaled.jpg","contentUrl":"https:\/\/yuhaopan.com\/wp-content\/uploads\/2026\/03\/Chronos-Flora-Tirage-Par-Picto-Paris-1-scaled.jpg"},{"@type":"BreadcrumbList","@id":"https:\/\/yuhaopan.com\/chronos-flora\/#breadcrumb","itemListElement":[{"@type":"ListItem","position":1,"name":"Accueil","item":"https:\/\/yuhaopan.com\/"},{"@type":"ListItem","position":2,"name":"Chronos-Flora"}]},{"@type":"WebSite","@id":"https:\/\/yuhaopan.com\/#website","url":"https:\/\/yuhaopan.com\/","name":"Yuhao PAN - Artiste Photographe","description":"Photographer &amp; Art Director","publisher":{"@id":"https:\/\/yuhaopan.com\/#\/schema\/person\/9f058b6ae826918e81050013f55ec1b4"},"alternateName":"Yuhao PAN - Artiste Photographe et Vid\u00e9aste \u00e0 Paris","potentialAction":[{"@type":"SearchAction","target":{"@type":"EntryPoint","urlTemplate":"https:\/\/yuhaopan.com\/?s={search_term_string}"},"query-input":{"@type":"PropertyValueSpecification","valueRequired":true,"valueName":"search_term_string"}}],"inLanguage":"en-US"},{"@type":["Person","Organization"],"@id":"https:\/\/yuhaopan.com\/#\/schema\/person\/9f058b6ae826918e81050013f55ec1b4","name":"yuhao.pan@outlook.com","image":{"@type":"ImageObject","inLanguage":"en-US","@id":"https:\/\/yuhaopan.com\/wp-content\/uploads\/2026\/01\/Cachet-etiquette-Yuhao-pan.jpg","url":"https:\/\/yuhaopan.com\/wp-content\/uploads\/2026\/01\/Cachet-etiquette-Yuhao-pan.jpg","contentUrl":"https:\/\/yuhaopan.com\/wp-content\/uploads\/2026\/01\/Cachet-etiquette-Yuhao-pan.jpg","width":591,"height":591,"caption":"yuhao.pan@outlook.com"},"logo":{"@id":"https:\/\/yuhaopan.com\/wp-content\/uploads\/2026\/01\/Cachet-etiquette-Yuhao-pan.jpg"},"sameAs":["https:\/\/yuhaopan.com"]}]}},"_links":{"self":[{"href":"https:\/\/yuhaopan.com\/en\/wp-json\/wp\/v2\/pages\/3343","targetHints":{"allow":["GET"]}}],"collection":[{"href":"https:\/\/yuhaopan.com\/en\/wp-json\/wp\/v2\/pages"}],"about":[{"href":"https:\/\/yuhaopan.com\/en\/wp-json\/wp\/v2\/types\/page"}],"author":[{"embeddable":true,"href":"https:\/\/yuhaopan.com\/en\/wp-json\/wp\/v2\/users\/1"}],"replies":[{"embeddable":true,"href":"https:\/\/yuhaopan.com\/en\/wp-json\/wp\/v2\/comments?post=3343"}],"version-history":[{"count":0,"href":"https:\/\/yuhaopan.com\/en\/wp-json\/wp\/v2\/pages\/3343\/revisions"}],"wp:attachment":[{"href":"https:\/\/yuhaopan.com\/en\/wp-json\/wp\/v2\/media?parent=3343"}],"curies":[{"name":"wp","href":"https:\/\/api.w.org\/{rel}","templated":true}]}}