{"id":347,"date":"2025-11-24T23:51:25","date_gmt":"2025-11-24T23:51:25","guid":{"rendered":"https:\/\/yuhaopan.com\/?page_id=347"},"modified":"2026-04-07T14:03:41","modified_gmt":"2026-04-07T14:03:41","slug":"baroque-a-versailles","status":"publish","type":"page","link":"https:\/\/yuhaopan.com\/en\/baroque-a-versailles\/","title":{"rendered":"Baroque at Versailles"},"content":{"rendered":"<div data-elementor-type=\"wp-page\" data-elementor-id=\"347\" class=\"elementor elementor-347\" data-elementor-post-type=\"page\">\n\t\t\t\t<div class=\"elementor-element elementor-element-65f08bb e-con-full e-flex e-con e-parent\" data-id=\"65f08bb\" data-element_type=\"container\" data-e-type=\"container\" data-settings=\"{&quot;background_background&quot;:&quot;classic&quot;}\">\n\t\t<div class=\"elementor-element elementor-element-f096468 e-con-full e-flex e-con e-child\" data-id=\"f096468\" data-element_type=\"container\" data-e-type=\"container\">\n\t\t\t\t<div class=\"elementor-element elementor-element-ad860a7 elementor-widget elementor-widget-spacer\" data-id=\"ad860a7\" data-element_type=\"widget\" data-e-type=\"widget\" data-widget_type=\"spacer.default\">\n\t\t\t\t\t\t\t<div class=\"elementor-spacer\">\n\t\t\t<div class=\"elementor-spacer-inner\"><\/div>\n\t\t<\/div>\n\t\t\t\t\t\t<\/div>\n\t\t\t\t<\/div>\n\t\t<div class=\"elementor-element elementor-element-b33dd5d e-con-full e-flex e-con e-child\" data-id=\"b33dd5d\" data-element_type=\"container\" data-e-type=\"container\">\n\t\t\t\t<div class=\"elementor-element elementor-element-9f03a70 elementor-widget elementor-widget-spacer\" data-id=\"9f03a70\" data-element_type=\"widget\" data-e-type=\"widget\" data-widget_type=\"spacer.default\">\n\t\t\t\t\t\t\t<div class=\"elementor-spacer\">\n\t\t\t<div class=\"elementor-spacer-inner\"><\/div>\n\t\t<\/div>\n\t\t\t\t\t\t<\/div>\n\t\t\t\t<div class=\"elementor-element elementor-element-d62cd2e elementor-widget elementor-widget-text-editor\" data-id=\"d62cd2e\" data-element_type=\"widget\" data-e-type=\"widget\" data-widget_type=\"text-editor.default\">\n\t\t\t\t\t\t\t\t\t<div class=\"elementor-element elementor-element-77889d4 elementor-widget elementor-widget-text-editor\" data-id=\"77889d4\" data-element_type=\"widget\" data-widget_type=\"text-editor.default\"><h5><span style=\"color: #000000;\"><strong>\u00a0The Royal Serenade in the Hall of Mirrors \u2013 Versailles<\/strong><\/span><\/h5><p><span style=\"color: #000000;\">For <strong>Ch\u00e2teau de Versailles Spectacles <\/strong>and<strong> the Royal Opera<\/strong>,it was my honor to capture the magic of the Baroque Performances. As a photographer and videographer, my mission was to create content that tells a story: the emotion of a concert, the solemnity of a place, and the vitality of a cultural event at the very heart of the Domain of Versailles.<\/span><\/p><\/div>\t\t\t\t\t\t\t\t<\/div>\n\t\t\t\t<div class=\"elementor-element elementor-element-59fd187 elementor-widget elementor-widget-image\" data-id=\"59fd187\" data-element_type=\"widget\" data-e-type=\"widget\" data-widget_type=\"image.default\">\n\t\t\t\t\t\t\t\t\t\t\t\t\t\t\t<img fetchpriority=\"high\" decoding=\"async\" width=\"2560\" height=\"1225\" src=\"https:\/\/yuhaopan.com\/wp-content\/uploads\/2025\/11\/CVS-scaled.png\" class=\"attachment-full size-full wp-image-349\" alt=\"\" srcset=\"https:\/\/yuhaopan.com\/wp-content\/uploads\/2025\/11\/CVS-scaled.png 2560w, https:\/\/yuhaopan.com\/wp-content\/uploads\/2025\/11\/CVS-300x144.png 300w, https:\/\/yuhaopan.com\/wp-content\/uploads\/2025\/11\/CVS-1024x490.png 1024w, https:\/\/yuhaopan.com\/wp-content\/uploads\/2025\/11\/CVS-768x368.png 768w, https:\/\/yuhaopan.com\/wp-content\/uploads\/2025\/11\/CVS-1536x735.png 1536w, https:\/\/yuhaopan.com\/wp-content\/uploads\/2025\/11\/CVS-2048x980.png 2048w\" sizes=\"(max-width: 2560px) 100vw, 2560px\" \/>\t\t\t\t\t\t\t\t\t\t\t\t\t\t\t<\/div>\n\t\t\t\t<div class=\"elementor-element elementor-element-a44692d elementor-widget elementor-widget-image\" data-id=\"a44692d\" data-element_type=\"widget\" data-e-type=\"widget\" data-widget_type=\"image.default\">\n\t\t\t\t\t\t\t\t\t\t\t\t\t\t\t<img decoding=\"async\" width=\"2560\" height=\"1505\" src=\"https:\/\/yuhaopan.com\/wp-content\/uploads\/2025\/11\/Serenades-2024-6-scaled.jpg\" class=\"attachment-full size-full wp-image-354\" alt=\"\" srcset=\"https:\/\/yuhaopan.com\/wp-content\/uploads\/2025\/11\/Serenades-2024-6-scaled.jpg 2560w, https:\/\/yuhaopan.com\/wp-content\/uploads\/2025\/11\/Serenades-2024-6-300x176.jpg 300w, https:\/\/yuhaopan.com\/wp-content\/uploads\/2025\/11\/Serenades-2024-6-1024x602.jpg 1024w, https:\/\/yuhaopan.com\/wp-content\/uploads\/2025\/11\/Serenades-2024-6-768x451.jpg 768w, https:\/\/yuhaopan.com\/wp-content\/uploads\/2025\/11\/Serenades-2024-6-1536x903.jpg 1536w, https:\/\/yuhaopan.com\/wp-content\/uploads\/2025\/11\/Serenades-2024-6-2048x1204.jpg 2048w\" sizes=\"(max-width: 2560px) 100vw, 2560px\" \/>\t\t\t\t\t\t\t\t\t\t\t\t\t\t\t<\/div>\n\t\t\t\t<div class=\"elementor-element elementor-element-fdbd69a elementor-widget elementor-widget-gallery\" data-id=\"fdbd69a\" data-element_type=\"widget\" data-e-type=\"widget\" data-settings=\"{&quot;gallery_layout&quot;:&quot;justified&quot;,&quot;ideal_row_height&quot;:{&quot;unit&quot;:&quot;px&quot;,&quot;size&quot;:398,&quot;sizes&quot;:[]},&quot;ideal_row_height_tablet&quot;:{&quot;unit&quot;:&quot;px&quot;,&quot;size&quot;:300,&quot;sizes&quot;:[]},&quot;lazyload&quot;:&quot;yes&quot;,&quot;ideal_row_height_mobile&quot;:{&quot;unit&quot;:&quot;px&quot;,&quot;size&quot;:150,&quot;sizes&quot;:[]},&quot;gap&quot;:{&quot;unit&quot;:&quot;px&quot;,&quot;size&quot;:10,&quot;sizes&quot;:[]},&quot;gap_tablet&quot;:{&quot;unit&quot;:&quot;px&quot;,&quot;size&quot;:10,&quot;sizes&quot;:[]},&quot;gap_mobile&quot;:{&quot;unit&quot;:&quot;px&quot;,&quot;size&quot;:10,&quot;sizes&quot;:[]},&quot;overlay_background&quot;:&quot;yes&quot;,&quot;content_hover_animation&quot;:&quot;fade-in&quot;}\" data-widget_type=\"gallery.default\">\n\t\t\t\t\t\t\t<div class=\"elementor-gallery__container\">\n\t\t\t\t\t\t\t<div class=\"e-gallery-item elementor-gallery-item elementor-animated-content\">\n\t\t\t\t\t<div class=\"e-gallery-image elementor-gallery-item__image\" data-thumbnail=\"https:\/\/yuhaopan.com\/wp-content\/uploads\/2025\/11\/Serenades-2024-7-scaled.jpg\" data-width=\"1939\" data-height=\"2560\" aria-label=\"\" role=\"img\" ><\/div>\n\t\t\t\t\t\t\t\t\t\t\t<div class=\"elementor-gallery-item__overlay\"><\/div>\n\t\t\t\t\t\t\t\t\t\t\t\t\t\t<\/div>\n\t\t\t\t\t\t\t<div class=\"e-gallery-item elementor-gallery-item elementor-animated-content\">\n\t\t\t\t\t<div class=\"e-gallery-image elementor-gallery-item__image\" data-thumbnail=\"https:\/\/yuhaopan.com\/wp-content\/uploads\/2025\/11\/Serenades-2024-5-scaled.jpg\" data-width=\"1989\" data-height=\"2560\" aria-label=\"\" role=\"img\" ><\/div>\n\t\t\t\t\t\t\t\t\t\t\t<div class=\"elementor-gallery-item__overlay\"><\/div>\n\t\t\t\t\t\t\t\t\t\t\t\t\t\t<\/div>\n\t\t\t\t\t\t\t<div class=\"e-gallery-item elementor-gallery-item elementor-animated-content\">\n\t\t\t\t\t<div class=\"e-gallery-image elementor-gallery-item__image\" data-thumbnail=\"https:\/\/yuhaopan.com\/wp-content\/uploads\/2025\/11\/Serenades-2024-4-scaled.jpg\" data-width=\"1951\" data-height=\"2560\" aria-label=\"\" role=\"img\" ><\/div>\n\t\t\t\t\t\t\t\t\t\t\t<div class=\"elementor-gallery-item__overlay\"><\/div>\n\t\t\t\t\t\t\t\t\t\t\t\t\t\t<\/div>\n\t\t\t\t\t<\/div>\n\t\t\t\t\t<\/div>\n\t\t\t\t<div class=\"elementor-element elementor-element-46fda6f elementor-widget elementor-widget-text-editor\" data-id=\"46fda6f\" data-element_type=\"widget\" data-e-type=\"widget\" data-widget_type=\"text-editor.default\">\n\t\t\t\t\t\t\t\t\t<div class=\"elementor-element elementor-element-77889d4 elementor-widget elementor-widget-text-editor\" data-id=\"77889d4\" data-element_type=\"widget\" data-widget_type=\"text-editor.default\"><div class=\"elementor-element elementor-element-b9c49d9 elementor-widget elementor-widget-text-editor\" data-id=\"b9c49d9\" data-element_type=\"widget\" data-widget_type=\"text-editor.default\"><h5><span style=\"color: #000000;\"><strong>Royal Opera of Versailles<\/strong><\/span><\/h5><\/div><\/div>\t\t\t\t\t\t\t\t<\/div>\n\t\t\t\t<div class=\"elementor-element elementor-element-cc934da elementor-widget elementor-widget-image\" data-id=\"cc934da\" data-element_type=\"widget\" data-e-type=\"widget\" data-widget_type=\"image.default\">\n\t\t\t\t\t\t\t\t\t\t\t\t\t\t\t<img decoding=\"async\" width=\"2560\" height=\"1454\" src=\"https:\/\/yuhaopan.com\/wp-content\/uploads\/2025\/11\/Opera-Royal-de-Versailles0A-5-scaled.jpg\" class=\"attachment-full size-full wp-image-380\" alt=\"\" srcset=\"https:\/\/yuhaopan.com\/wp-content\/uploads\/2025\/11\/Opera-Royal-de-Versailles0A-5-scaled.jpg 2560w, https:\/\/yuhaopan.com\/wp-content\/uploads\/2025\/11\/Opera-Royal-de-Versailles0A-5-300x170.jpg 300w, https:\/\/yuhaopan.com\/wp-content\/uploads\/2025\/11\/Opera-Royal-de-Versailles0A-5-1024x582.jpg 1024w, https:\/\/yuhaopan.com\/wp-content\/uploads\/2025\/11\/Opera-Royal-de-Versailles0A-5-768x436.jpg 768w, https:\/\/yuhaopan.com\/wp-content\/uploads\/2025\/11\/Opera-Royal-de-Versailles0A-5-1536x873.jpg 1536w, https:\/\/yuhaopan.com\/wp-content\/uploads\/2025\/11\/Opera-Royal-de-Versailles0A-5-2048x1163.jpg 2048w\" sizes=\"(max-width: 2560px) 100vw, 2560px\" \/>\t\t\t\t\t\t\t\t\t\t\t\t\t\t\t<\/div>\n\t\t\t\t<div class=\"elementor-element elementor-element-590b959 elementor-widget elementor-widget-gallery\" data-id=\"590b959\" data-element_type=\"widget\" data-e-type=\"widget\" data-settings=\"{&quot;gallery_layout&quot;:&quot;justified&quot;,&quot;ideal_row_height&quot;:{&quot;unit&quot;:&quot;px&quot;,&quot;size&quot;:320,&quot;sizes&quot;:[]},&quot;ideal_row_height_tablet&quot;:{&quot;unit&quot;:&quot;px&quot;,&quot;size&quot;:250,&quot;sizes&quot;:[]},&quot;lazyload&quot;:&quot;yes&quot;,&quot;ideal_row_height_mobile&quot;:{&quot;unit&quot;:&quot;px&quot;,&quot;size&quot;:150,&quot;sizes&quot;:[]},&quot;gap&quot;:{&quot;unit&quot;:&quot;px&quot;,&quot;size&quot;:10,&quot;sizes&quot;:[]},&quot;gap_tablet&quot;:{&quot;unit&quot;:&quot;px&quot;,&quot;size&quot;:10,&quot;sizes&quot;:[]},&quot;gap_mobile&quot;:{&quot;unit&quot;:&quot;px&quot;,&quot;size&quot;:10,&quot;sizes&quot;:[]},&quot;overlay_background&quot;:&quot;yes&quot;,&quot;content_hover_animation&quot;:&quot;fade-in&quot;}\" data-widget_type=\"gallery.default\">\n\t\t\t\t\t\t\t<div class=\"elementor-gallery__container\">\n\t\t\t\t\t\t\t<div class=\"e-gallery-item elementor-gallery-item elementor-animated-content\">\n\t\t\t\t\t<div class=\"e-gallery-image elementor-gallery-item__image\" data-thumbnail=\"https:\/\/yuhaopan.com\/wp-content\/uploads\/2025\/11\/Opera-Royal-de-Versailles0A-1-scaled.jpg\" data-width=\"2560\" data-height=\"1423\" aria-label=\"\" role=\"img\" ><\/div>\n\t\t\t\t\t\t\t\t\t\t\t<div class=\"elementor-gallery-item__overlay\"><\/div>\n\t\t\t\t\t\t\t\t\t\t\t\t\t\t<\/div>\n\t\t\t\t\t\t\t<div class=\"e-gallery-item elementor-gallery-item elementor-animated-content\">\n\t\t\t\t\t<div class=\"e-gallery-image elementor-gallery-item__image\" data-thumbnail=\"https:\/\/yuhaopan.com\/wp-content\/uploads\/2025\/11\/Opera-Royal-de-Versailles0A-4-scaled.jpg\" data-width=\"1707\" data-height=\"2560\" aria-label=\"\" role=\"img\" ><\/div>\n\t\t\t\t\t\t\t\t\t\t\t<div class=\"elementor-gallery-item__overlay\"><\/div>\n\t\t\t\t\t\t\t\t\t\t\t\t\t\t<\/div>\n\t\t\t\t\t<\/div>\n\t\t\t\t\t<\/div>\n\t\t\t\t<div class=\"elementor-element elementor-element-7e84952 elementor-widget elementor-widget-text-editor\" data-id=\"7e84952\" data-element_type=\"widget\" data-e-type=\"widget\" data-widget_type=\"text-editor.default\">\n\t\t\t\t\t\t\t\t\t<div class=\"elementor-element elementor-element-77889d4 elementor-widget elementor-widget-text-editor\" data-id=\"77889d4\" data-element_type=\"widget\" data-widget_type=\"text-editor.default\"><div class=\"elementor-element elementor-element-b9c49d9 elementor-widget elementor-widget-text-editor\" data-id=\"b9c49d9\" data-element_type=\"widget\" data-widget_type=\"text-editor.default\"><h5><span style=\"color: #000000;\"><strong>The gardens of Versailles<\/strong><\/span><\/h5><\/div><\/div>\t\t\t\t\t\t\t\t<\/div>\n\t\t\t\t<div class=\"elementor-element elementor-element-6747ca7 elementor-widget elementor-widget-image\" data-id=\"6747ca7\" data-element_type=\"widget\" data-e-type=\"widget\" data-widget_type=\"image.default\">\n\t\t\t\t\t\t\t\t\t\t\t\t\t\t\t<img loading=\"lazy\" decoding=\"async\" width=\"2560\" height=\"1197\" src=\"https:\/\/yuhaopan.com\/wp-content\/uploads\/2025\/11\/Jardins-de-Versailles-5-scaled.jpg\" class=\"attachment-full size-full wp-image-356\" alt=\"\" srcset=\"https:\/\/yuhaopan.com\/wp-content\/uploads\/2025\/11\/Jardins-de-Versailles-5-scaled.jpg 2560w, https:\/\/yuhaopan.com\/wp-content\/uploads\/2025\/11\/Jardins-de-Versailles-5-300x140.jpg 300w, https:\/\/yuhaopan.com\/wp-content\/uploads\/2025\/11\/Jardins-de-Versailles-5-1024x479.jpg 1024w, https:\/\/yuhaopan.com\/wp-content\/uploads\/2025\/11\/Jardins-de-Versailles-5-768x359.jpg 768w, https:\/\/yuhaopan.com\/wp-content\/uploads\/2025\/11\/Jardins-de-Versailles-5-1536x718.jpg 1536w, https:\/\/yuhaopan.com\/wp-content\/uploads\/2025\/11\/Jardins-de-Versailles-5-2048x957.jpg 2048w\" sizes=\"(max-width: 2560px) 100vw, 2560px\" \/>\t\t\t\t\t\t\t\t\t\t\t\t\t\t\t<\/div>\n\t\t\t\t<div class=\"elementor-element elementor-element-cf25742 elementor-widget elementor-widget-gallery\" data-id=\"cf25742\" data-element_type=\"widget\" data-e-type=\"widget\" data-settings=\"{&quot;gallery_layout&quot;:&quot;justified&quot;,&quot;ideal_row_height&quot;:{&quot;unit&quot;:&quot;px&quot;,&quot;size&quot;:398,&quot;sizes&quot;:[]},&quot;ideal_row_height_tablet&quot;:{&quot;unit&quot;:&quot;px&quot;,&quot;size&quot;:300,&quot;sizes&quot;:[]},&quot;lazyload&quot;:&quot;yes&quot;,&quot;ideal_row_height_mobile&quot;:{&quot;unit&quot;:&quot;px&quot;,&quot;size&quot;:150,&quot;sizes&quot;:[]},&quot;gap&quot;:{&quot;unit&quot;:&quot;px&quot;,&quot;size&quot;:10,&quot;sizes&quot;:[]},&quot;gap_tablet&quot;:{&quot;unit&quot;:&quot;px&quot;,&quot;size&quot;:10,&quot;sizes&quot;:[]},&quot;gap_mobile&quot;:{&quot;unit&quot;:&quot;px&quot;,&quot;size&quot;:10,&quot;sizes&quot;:[]},&quot;overlay_background&quot;:&quot;yes&quot;,&quot;content_hover_animation&quot;:&quot;fade-in&quot;}\" data-widget_type=\"gallery.default\">\n\t\t\t\t\t\t\t<div class=\"elementor-gallery__container\">\n\t\t\t\t\t\t\t<div class=\"e-gallery-item elementor-gallery-item elementor-animated-content\">\n\t\t\t\t\t<div class=\"e-gallery-image elementor-gallery-item__image\" data-thumbnail=\"https:\/\/yuhaopan.com\/wp-content\/uploads\/2025\/11\/Jardins-de-Versailles-6-scaled.jpg\" data-width=\"1829\" data-height=\"2560\" aria-label=\"\" role=\"img\" ><\/div>\n\t\t\t\t\t\t\t\t\t\t\t<div class=\"elementor-gallery-item__overlay\"><\/div>\n\t\t\t\t\t\t\t\t\t\t\t\t\t\t<\/div>\n\t\t\t\t\t\t\t<div class=\"e-gallery-item elementor-gallery-item elementor-animated-content\">\n\t\t\t\t\t<div class=\"e-gallery-image elementor-gallery-item__image\" data-thumbnail=\"https:\/\/yuhaopan.com\/wp-content\/uploads\/2025\/11\/43.jpg\" data-width=\"2000\" data-height=\"1500\" aria-label=\"\" role=\"img\" ><\/div>\n\t\t\t\t\t\t\t\t\t\t\t<div class=\"elementor-gallery-item__overlay\"><\/div>\n\t\t\t\t\t\t\t\t\t\t\t\t\t\t<\/div>\n\t\t\t\t\t<\/div>\n\t\t\t\t\t<\/div>\n\t\t\t\t<\/div>\n\t\t\t\t<\/div>\n\t\t\t\t<\/div>","protected":false},"excerpt":{"rendered":"<p>\u00a0La S\u00e9r\u00e9nade Royale de la Galerie des Glaces Pour Ch\u00e2teau de Versailles Spectacles et l&rsquo;Op\u00e9ra Royal, j&rsquo;ai eu l&rsquo;honneur de capturer la magie des\u00a0Performances Baroques. En tant que photographe et vid\u00e9aste, ma mission \u00e9tait de\u00a0cr\u00e9er des contenus qui racontent une histoire\u00a0: l&rsquo;\u00e9motion d&rsquo;un concert, la solennit\u00e9 d&rsquo;un lieu et la vitalit\u00e9 d&rsquo;un\u00a0\u00e9v\u00e9nement culturel\u00a0au c\u0153ur du [&hellip;]<\/p>\n","protected":false},"author":1,"featured_media":0,"parent":0,"menu_order":0,"comment_status":"closed","ping_status":"closed","template":"","meta":{"footnotes":""},"class_list":["post-347","page","type-page","status-publish","hentry"],"yoast_head":"<!-- This site is optimized with the Yoast SEO Premium plugin v26.4 (Yoast SEO v27.5) - https:\/\/yoast.com\/product\/yoast-seo-premium-wordpress\/ -->\n<title>Baroque \u00e0 Versailles - Yuhao PAN<\/title>\n<meta name=\"robots\" content=\"index, follow, max-snippet:-1, max-image-preview:large, max-video-preview:-1\" \/>\n<link rel=\"canonical\" href=\"https:\/\/yuhaopan.com\/en\/baroque-a-versailles\/\" \/>\n<meta property=\"og:locale\" content=\"en_US\" \/>\n<meta property=\"og:type\" content=\"article\" \/>\n<meta property=\"og:title\" content=\"Baroque \u00e0 Versailles\" \/>\n<meta property=\"og:description\" content=\"\u00a0La S\u00e9r\u00e9nade Royale de la Galerie des Glaces Pour Ch\u00e2teau de Versailles Spectacles et l&rsquo;Op\u00e9ra Royal, j&rsquo;ai eu l&rsquo;honneur de capturer la magie des\u00a0Performances Baroques. En tant que photographe et vid\u00e9aste, ma mission \u00e9tait de\u00a0cr\u00e9er des contenus qui racontent une histoire\u00a0: l&rsquo;\u00e9motion d&rsquo;un concert, la solennit\u00e9 d&rsquo;un lieu et la vitalit\u00e9 d&rsquo;un\u00a0\u00e9v\u00e9nement culturel\u00a0au c\u0153ur du [&hellip;]\" \/>\n<meta property=\"og:url\" content=\"https:\/\/yuhaopan.com\/en\/baroque-a-versailles\/\" \/>\n<meta property=\"og:site_name\" content=\"Yuhao PAN\" \/>\n<meta property=\"article:modified_time\" content=\"2026-04-07T14:03:41+00:00\" \/>\n<meta property=\"og:image\" content=\"https:\/\/yuhaopan.com\/wp-content\/uploads\/2025\/11\/CVS-1024x490.png\" \/>\n\t<meta property=\"og:image:width\" content=\"1024\" \/>\n\t<meta property=\"og:image:height\" content=\"490\" \/>\n\t<meta property=\"og:image:type\" content=\"image\/png\" \/>\n<meta name=\"twitter:card\" content=\"summary_large_image\" \/>\n<meta name=\"twitter:label1\" content=\"Est. reading time\" \/>\n\t<meta name=\"twitter:data1\" content=\"1 minute\" \/>\n<script type=\"application\/ld+json\" class=\"yoast-schema-graph\">{\"@context\":\"https:\\\/\\\/schema.org\",\"@graph\":[{\"@type\":\"WebPage\",\"@id\":\"https:\\\/\\\/yuhaopan.com\\\/baroque-a-versailles\\\/\",\"url\":\"https:\\\/\\\/yuhaopan.com\\\/baroque-a-versailles\\\/\",\"name\":\"Baroque \u00e0 Versailles - Yuhao PAN\",\"isPartOf\":{\"@id\":\"https:\\\/\\\/yuhaopan.com\\\/#website\"},\"primaryImageOfPage\":{\"@id\":\"https:\\\/\\\/yuhaopan.com\\\/baroque-a-versailles\\\/#primaryimage\"},\"image\":{\"@id\":\"https:\\\/\\\/yuhaopan.com\\\/baroque-a-versailles\\\/#primaryimage\"},\"thumbnailUrl\":\"https:\\\/\\\/yuhaopan.com\\\/wp-content\\\/uploads\\\/2025\\\/11\\\/CVS-scaled.png\",\"datePublished\":\"2025-11-24T23:51:25+00:00\",\"dateModified\":\"2026-04-07T14:03:41+00:00\",\"breadcrumb\":{\"@id\":\"https:\\\/\\\/yuhaopan.com\\\/baroque-a-versailles\\\/#breadcrumb\"},\"inLanguage\":\"en-US\",\"potentialAction\":[{\"@type\":\"ReadAction\",\"target\":[\"https:\\\/\\\/yuhaopan.com\\\/baroque-a-versailles\\\/\"]}]},{\"@type\":\"ImageObject\",\"inLanguage\":\"en-US\",\"@id\":\"https:\\\/\\\/yuhaopan.com\\\/baroque-a-versailles\\\/#primaryimage\",\"url\":\"https:\\\/\\\/yuhaopan.com\\\/wp-content\\\/uploads\\\/2025\\\/11\\\/CVS-scaled.png\",\"contentUrl\":\"https:\\\/\\\/yuhaopan.com\\\/wp-content\\\/uploads\\\/2025\\\/11\\\/CVS-scaled.png\"},{\"@type\":\"BreadcrumbList\",\"@id\":\"https:\\\/\\\/yuhaopan.com\\\/baroque-a-versailles\\\/#breadcrumb\",\"itemListElement\":[{\"@type\":\"ListItem\",\"position\":1,\"name\":\"Accueil\",\"item\":\"https:\\\/\\\/yuhaopan.com\\\/\"},{\"@type\":\"ListItem\",\"position\":2,\"name\":\"Baroque \u00e0 Versailles\"}]},{\"@type\":\"WebSite\",\"@id\":\"https:\\\/\\\/yuhaopan.com\\\/#website\",\"url\":\"https:\\\/\\\/yuhaopan.com\\\/\",\"name\":\"Yuhao PAN - Artiste Photographe\",\"description\":\"Photographer &amp; Art Director\",\"publisher\":{\"@id\":\"https:\\\/\\\/yuhaopan.com\\\/#\\\/schema\\\/person\\\/9f058b6ae826918e81050013f55ec1b4\"},\"alternateName\":\"Yuhao PAN - Artiste Photographe et Vid\u00e9aste \u00e0 Paris\",\"potentialAction\":[{\"@type\":\"SearchAction\",\"target\":{\"@type\":\"EntryPoint\",\"urlTemplate\":\"https:\\\/\\\/yuhaopan.com\\\/?s={search_term_string}\"},\"query-input\":{\"@type\":\"PropertyValueSpecification\",\"valueRequired\":true,\"valueName\":\"search_term_string\"}}],\"inLanguage\":\"en-US\"},{\"@type\":[\"Person\",\"Organization\"],\"@id\":\"https:\\\/\\\/yuhaopan.com\\\/#\\\/schema\\\/person\\\/9f058b6ae826918e81050013f55ec1b4\",\"name\":\"yuhao.pan@outlook.com\",\"image\":{\"@type\":\"ImageObject\",\"inLanguage\":\"en-US\",\"@id\":\"https:\\\/\\\/yuhaopan.com\\\/wp-content\\\/uploads\\\/2026\\\/01\\\/Cachet-etiquette-Yuhao-pan.jpg\",\"url\":\"https:\\\/\\\/yuhaopan.com\\\/wp-content\\\/uploads\\\/2026\\\/01\\\/Cachet-etiquette-Yuhao-pan.jpg\",\"contentUrl\":\"https:\\\/\\\/yuhaopan.com\\\/wp-content\\\/uploads\\\/2026\\\/01\\\/Cachet-etiquette-Yuhao-pan.jpg\",\"width\":591,\"height\":591,\"caption\":\"yuhao.pan@outlook.com\"},\"logo\":{\"@id\":\"https:\\\/\\\/yuhaopan.com\\\/wp-content\\\/uploads\\\/2026\\\/01\\\/Cachet-etiquette-Yuhao-pan.jpg\"},\"sameAs\":[\"https:\\\/\\\/yuhaopan.com\"]}]}<\/script>\n<!-- \/ Yoast SEO Premium plugin. -->","yoast_head_json":{"title":"Baroque \u00e0 Versailles - Yuhao PAN","robots":{"index":"index","follow":"follow","max-snippet":"max-snippet:-1","max-image-preview":"max-image-preview:large","max-video-preview":"max-video-preview:-1"},"canonical":"https:\/\/yuhaopan.com\/en\/baroque-a-versailles\/","og_locale":"en_US","og_type":"article","og_title":"Baroque \u00e0 Versailles","og_description":"\u00a0La S\u00e9r\u00e9nade Royale de la Galerie des Glaces Pour Ch\u00e2teau de Versailles Spectacles et l&rsquo;Op\u00e9ra Royal, j&rsquo;ai eu l&rsquo;honneur de capturer la magie des\u00a0Performances Baroques. En tant que photographe et vid\u00e9aste, ma mission \u00e9tait de\u00a0cr\u00e9er des contenus qui racontent une histoire\u00a0: l&rsquo;\u00e9motion d&rsquo;un concert, la solennit\u00e9 d&rsquo;un lieu et la vitalit\u00e9 d&rsquo;un\u00a0\u00e9v\u00e9nement culturel\u00a0au c\u0153ur du [&hellip;]","og_url":"https:\/\/yuhaopan.com\/en\/baroque-a-versailles\/","og_site_name":"Yuhao PAN","article_modified_time":"2026-04-07T14:03:41+00:00","og_image":[{"width":1024,"height":490,"url":"https:\/\/yuhaopan.com\/wp-content\/uploads\/2025\/11\/CVS-1024x490.png","type":"image\/png"}],"twitter_card":"summary_large_image","twitter_misc":{"Est. reading time":"1 minute"},"schema":{"@context":"https:\/\/schema.org","@graph":[{"@type":"WebPage","@id":"https:\/\/yuhaopan.com\/baroque-a-versailles\/","url":"https:\/\/yuhaopan.com\/baroque-a-versailles\/","name":"Baroque \u00e0 Versailles - Yuhao PAN","isPartOf":{"@id":"https:\/\/yuhaopan.com\/#website"},"primaryImageOfPage":{"@id":"https:\/\/yuhaopan.com\/baroque-a-versailles\/#primaryimage"},"image":{"@id":"https:\/\/yuhaopan.com\/baroque-a-versailles\/#primaryimage"},"thumbnailUrl":"https:\/\/yuhaopan.com\/wp-content\/uploads\/2025\/11\/CVS-scaled.png","datePublished":"2025-11-24T23:51:25+00:00","dateModified":"2026-04-07T14:03:41+00:00","breadcrumb":{"@id":"https:\/\/yuhaopan.com\/baroque-a-versailles\/#breadcrumb"},"inLanguage":"en-US","potentialAction":[{"@type":"ReadAction","target":["https:\/\/yuhaopan.com\/baroque-a-versailles\/"]}]},{"@type":"ImageObject","inLanguage":"en-US","@id":"https:\/\/yuhaopan.com\/baroque-a-versailles\/#primaryimage","url":"https:\/\/yuhaopan.com\/wp-content\/uploads\/2025\/11\/CVS-scaled.png","contentUrl":"https:\/\/yuhaopan.com\/wp-content\/uploads\/2025\/11\/CVS-scaled.png"},{"@type":"BreadcrumbList","@id":"https:\/\/yuhaopan.com\/baroque-a-versailles\/#breadcrumb","itemListElement":[{"@type":"ListItem","position":1,"name":"Accueil","item":"https:\/\/yuhaopan.com\/"},{"@type":"ListItem","position":2,"name":"Baroque \u00e0 Versailles"}]},{"@type":"WebSite","@id":"https:\/\/yuhaopan.com\/#website","url":"https:\/\/yuhaopan.com\/","name":"Yuhao PAN - Artiste Photographe","description":"Photographer &amp; Art Director","publisher":{"@id":"https:\/\/yuhaopan.com\/#\/schema\/person\/9f058b6ae826918e81050013f55ec1b4"},"alternateName":"Yuhao PAN - Artiste Photographe et Vid\u00e9aste \u00e0 Paris","potentialAction":[{"@type":"SearchAction","target":{"@type":"EntryPoint","urlTemplate":"https:\/\/yuhaopan.com\/?s={search_term_string}"},"query-input":{"@type":"PropertyValueSpecification","valueRequired":true,"valueName":"search_term_string"}}],"inLanguage":"en-US"},{"@type":["Person","Organization"],"@id":"https:\/\/yuhaopan.com\/#\/schema\/person\/9f058b6ae826918e81050013f55ec1b4","name":"yuhao.pan@outlook.com","image":{"@type":"ImageObject","inLanguage":"en-US","@id":"https:\/\/yuhaopan.com\/wp-content\/uploads\/2026\/01\/Cachet-etiquette-Yuhao-pan.jpg","url":"https:\/\/yuhaopan.com\/wp-content\/uploads\/2026\/01\/Cachet-etiquette-Yuhao-pan.jpg","contentUrl":"https:\/\/yuhaopan.com\/wp-content\/uploads\/2026\/01\/Cachet-etiquette-Yuhao-pan.jpg","width":591,"height":591,"caption":"yuhao.pan@outlook.com"},"logo":{"@id":"https:\/\/yuhaopan.com\/wp-content\/uploads\/2026\/01\/Cachet-etiquette-Yuhao-pan.jpg"},"sameAs":["https:\/\/yuhaopan.com"]}]}},"_links":{"self":[{"href":"https:\/\/yuhaopan.com\/en\/wp-json\/wp\/v2\/pages\/347","targetHints":{"allow":["GET"]}}],"collection":[{"href":"https:\/\/yuhaopan.com\/en\/wp-json\/wp\/v2\/pages"}],"about":[{"href":"https:\/\/yuhaopan.com\/en\/wp-json\/wp\/v2\/types\/page"}],"author":[{"embeddable":true,"href":"https:\/\/yuhaopan.com\/en\/wp-json\/wp\/v2\/users\/1"}],"replies":[{"embeddable":true,"href":"https:\/\/yuhaopan.com\/en\/wp-json\/wp\/v2\/comments?post=347"}],"version-history":[{"count":0,"href":"https:\/\/yuhaopan.com\/en\/wp-json\/wp\/v2\/pages\/347\/revisions"}],"wp:attachment":[{"href":"https:\/\/yuhaopan.com\/en\/wp-json\/wp\/v2\/media?parent=347"}],"curies":[{"name":"wp","href":"https:\/\/api.w.org\/{rel}","templated":true}]}}