{"id":3343,"date":"2026-03-29T18:09:12","date_gmt":"2026-03-29T18:09:12","guid":{"rendered":"https:\/\/yuhaopan.com\/?page_id=3343"},"modified":"2026-04-03T09:25:23","modified_gmt":"2026-04-03T09:25:23","slug":"chronos-flora","status":"publish","type":"page","link":"https:\/\/yuhaopan.com\/zh\/chronos-flora\/","title":{"rendered":"Chronos-Flora"},"content":{"rendered":"<div data-elementor-type=\"wp-page\" data-elementor-id=\"3343\" class=\"elementor elementor-3343\" data-elementor-post-type=\"page\">\n\t\t\t\t<div class=\"elementor-element elementor-element-1fecd73 e-con-full e-flex e-con e-parent\" data-id=\"1fecd73\" data-element_type=\"container\" data-e-type=\"container\" data-settings=\"{&quot;background_background&quot;:&quot;classic&quot;}\">\n\t\t<div class=\"elementor-element elementor-element-00b219f e-con-full e-flex e-con e-child\" data-id=\"00b219f\" data-element_type=\"container\" data-e-type=\"container\">\n\t\t\t\t<div class=\"elementor-element elementor-element-cb46da2 elementor-widget elementor-widget-spacer\" data-id=\"cb46da2\" data-element_type=\"widget\" data-e-type=\"widget\" data-widget_type=\"spacer.default\">\n\t\t\t\t\t\t\t<div class=\"elementor-spacer\">\n\t\t\t<div class=\"elementor-spacer-inner\"><\/div>\n\t\t<\/div>\n\t\t\t\t\t\t<\/div>\n\t\t\t\t<\/div>\n\t\t<div class=\"elementor-element elementor-element-ac57bf3 e-con-full e-flex e-con e-child\" data-id=\"ac57bf3\" data-element_type=\"container\" data-e-type=\"container\">\n\t\t\t\t<div class=\"elementor-element elementor-element-d16affd elementor-widget elementor-widget-spacer\" data-id=\"d16affd\" data-element_type=\"widget\" data-e-type=\"widget\" data-widget_type=\"spacer.default\">\n\t\t\t\t\t\t\t<div class=\"elementor-spacer\">\n\t\t\t<div class=\"elementor-spacer-inner\"><\/div>\n\t\t<\/div>\n\t\t\t\t\t\t<\/div>\n\t\t\t\t<div class=\"elementor-element elementor-element-e278e78 elementor-widget elementor-widget-text-editor\" data-id=\"e278e78\" data-element_type=\"widget\" data-e-type=\"widget\" data-widget_type=\"text-editor.default\">\n\t\t\t\t\t\t\t\t\t<h4 data-id=\"fe47905\" data-element_type=\"widget\" data-widget_type=\"text-editor.default\"><strong><span style=\"color: #000000;\">\u00ab \u65f6\u7a7a\u82b1 \u00bb<\/span>\u00a0<span style=\"color: #000000;\">\u00bb<\/span><\/strong><\/h4><p data-path-to-node=\"5\">\u300a\u65f6\u7a7a\u82b1\u300b <em>Chronos-Flora<\/em> \u662f\u4ece\u65f6\u95f4\u7684\u7ef4\u5ea6\u5bf9\u690d\u7269\u751f\u547d\u8fdb\u884c\u7684\u4e00\u6b21\u63a2\u7d22\u3002<br \/>\u8df3\u8131\u51fa\u4f20\u7edf\u6444\u5f71\u5bf9\u201c\u6e05\u6670\u5ea6\u201d\u7684\u8ffd\u6c42\uff0c\u6211\u8fd0\u7528\u957f\u66dd\u5149\u6444\u5f71\u6280\u672f\u6765\u89e3\u6784\u82b1\u7684\u5f62\u6001\uff0c\u4fdd\u7559\u8272\u5f69\u4e0e\u5149\u5f71\u3002\u6bcf\u4e00\u5e45\u4f5c\u54c1\u90fd\u6f14\u53d8\u6210\u4e86\u4e00\u526f\u5370\u8c61\u6d3e\u7684\u753b\u4f5c\u3002\u8fd9\u4e9b\u5f71\u50cf\u5448\u73b0\u7684\u4e0d\u518d\u662f\u5355\u7eaf\u7684\u82b1\u5349\uff0c\u800c\u662f\u5149\u7684\u8f68\u8ff9\u4e0e\u8272\u5f69\u7684\u78b0\u649e\u3002\u6211\u9080\u8bf7\u60a8\u4e0d\u8981\u53bb\u89c2\u5bdf\u201c\u7269\u4e4b\u672c\u76f8\u201d\uff0c\u800c\u662f\u53bb\u611f\u53d7\u201c\u7269\u4e4b\u6d41\u901d\u201d\uff1a\u8fd9\u662f\u4e00\u573a\u5173\u4e8e\u4eba\u751f\u65e0\u5e38\u7684\u7814\u7a76\uff0c\u751f\u547d\u5728\u65f6\u95f4\u7684\u957f\u6cb3\u6d41\u52a8\u4e2d\u6e10\u6e10\u6d88\u878d\u3002<br \/>\u300a\u65f6\u7a7a\u82b1\u300b\uff0c \u662f\u4e00\u573a\u5173\u4e8e\u81ea\u6211\u4e0e\u5b87\u5b99\u5173\u7cfb\u7684\u51a5\u60f3\uff0c\u6355\u6349\u4e86\u5b58\u5728\u4e0e\u6d88\u901d\u4e4b\u95f4\u7684\u90a3\u4e2a\u77ac\u95f4\u3002<\/p><p style=\"text-align: right;\" data-path-to-node=\"5\">- \u6444\u5f71\u4f5c\u8005 \u6f58\u96e8\u660a<\/p>\t\t\t\t\t\t\t\t<\/div>\n\t\t\t\t<div class=\"elementor-element elementor-element-08efe09 elementor-widget elementor-widget-gallery\" data-id=\"08efe09\" data-element_type=\"widget\" data-e-type=\"widget\" data-settings=\"{&quot;gallery_layout&quot;:&quot;justified&quot;,&quot;ideal_row_height&quot;:{&quot;unit&quot;:&quot;px&quot;,&quot;size&quot;:400,&quot;sizes&quot;:[]},&quot;ideal_row_height_tablet&quot;:{&quot;unit&quot;:&quot;px&quot;,&quot;size&quot;:280,&quot;sizes&quot;:[]},&quot;ideal_row_height_mobile&quot;:{&quot;unit&quot;:&quot;px&quot;,&quot;size&quot;:200,&quot;sizes&quot;:[]},&quot;gap&quot;:{&quot;unit&quot;:&quot;px&quot;,&quot;size&quot;:15,&quot;sizes&quot;:[]},&quot;lazyload&quot;:&quot;yes&quot;,&quot;gap_tablet&quot;:{&quot;unit&quot;:&quot;px&quot;,&quot;size&quot;:10,&quot;sizes&quot;:[]},&quot;gap_mobile&quot;:{&quot;unit&quot;:&quot;px&quot;,&quot;size&quot;:10,&quot;sizes&quot;:[]},&quot;content_hover_animation&quot;:&quot;fade-in&quot;}\" data-widget_type=\"gallery.default\">\n\t\t\t\t\t\t\t<div class=\"elementor-gallery__container\">\n\t\t\t\t\t\t\t<div class=\"e-gallery-item elementor-gallery-item elementor-animated-content\">\n\t\t\t\t\t<div class=\"e-gallery-image elementor-gallery-item__image\" data-thumbnail=\"https:\/\/yuhaopan.com\/wp-content\/uploads\/2026\/04\/Chronos-Flora-Yuhao-PAN-14.jpg\" data-width=\"1639\" data-height=\"2048\" aria-label=\"\" role=\"img\" ><\/div>\n\t\t\t\t\t\t\t\t\t\t\t\t\t\t<\/div>\n\t\t\t\t\t\t\t<div class=\"e-gallery-item elementor-gallery-item elementor-animated-content\">\n\t\t\t\t\t<div class=\"e-gallery-image elementor-gallery-item__image\" data-thumbnail=\"https:\/\/yuhaopan.com\/wp-content\/uploads\/2026\/04\/Chronos-Flora-Yuhao-PAN-5.jpg\" data-width=\"1638\" data-height=\"2048\" aria-label=\"\" role=\"img\" ><\/div>\n\t\t\t\t\t\t\t\t\t\t\t\t\t\t<\/div>\n\t\t\t\t\t\t\t<div class=\"e-gallery-item elementor-gallery-item elementor-animated-content\">\n\t\t\t\t\t<div class=\"e-gallery-image elementor-gallery-item__image\" data-thumbnail=\"https:\/\/yuhaopan.com\/wp-content\/uploads\/2026\/04\/Sans-titre-SITE.jpg\" data-width=\"1638\" data-height=\"2048\" aria-label=\"\" role=\"img\" ><\/div>\n\t\t\t\t\t\t\t\t\t\t\t\t\t\t<\/div>\n\t\t\t\t\t\t\t<div class=\"e-gallery-item elementor-gallery-item elementor-animated-content\">\n\t\t\t\t\t<div class=\"e-gallery-image elementor-gallery-item__image\" data-thumbnail=\"https:\/\/yuhaopan.com\/wp-content\/uploads\/2026\/04\/Sans-titre-SITE-3.jpg\" data-width=\"1638\" data-height=\"2048\" aria-label=\"\" role=\"img\" ><\/div>\n\t\t\t\t\t\t\t\t\t\t\t\t\t\t<\/div>\n\t\t\t\t\t\t\t<div class=\"e-gallery-item elementor-gallery-item elementor-animated-content\">\n\t\t\t\t\t<div class=\"e-gallery-image elementor-gallery-item__image\" data-thumbnail=\"https:\/\/yuhaopan.com\/wp-content\/uploads\/2026\/04\/Sans-titre-SITE-2.jpg\" data-width=\"1639\" data-height=\"2048\" aria-label=\"\" role=\"img\" ><\/div>\n\t\t\t\t\t\t\t\t\t\t\t\t\t\t<\/div>\n\t\t\t\t\t\t\t<div class=\"e-gallery-item elementor-gallery-item elementor-animated-content\">\n\t\t\t\t\t<div class=\"e-gallery-image elementor-gallery-item__image\" data-thumbnail=\"https:\/\/yuhaopan.com\/wp-content\/uploads\/2026\/04\/Chronos-Flora-Yuhao-PAN-2.jpg\" data-width=\"1638\" data-height=\"2048\" aria-label=\"\" role=\"img\" ><\/div>\n\t\t\t\t\t\t\t\t\t\t\t\t\t\t<\/div>\n\t\t\t\t\t\t\t<div class=\"e-gallery-item elementor-gallery-item elementor-animated-content\">\n\t\t\t\t\t<div class=\"e-gallery-image elementor-gallery-item__image\" data-thumbnail=\"https:\/\/yuhaopan.com\/wp-content\/uploads\/2026\/04\/Chronos-Flora-Yuhao-PAN-8.jpg\" data-width=\"1638\" data-height=\"2048\" aria-label=\"\" role=\"img\" ><\/div>\n\t\t\t\t\t\t\t\t\t\t\t\t\t\t<\/div>\n\t\t\t\t\t\t\t<div class=\"e-gallery-item elementor-gallery-item elementor-animated-content\">\n\t\t\t\t\t<div class=\"e-gallery-image elementor-gallery-item__image\" data-thumbnail=\"https:\/\/yuhaopan.com\/wp-content\/uploads\/2026\/04\/Chronos-Flora-Yuhao-PAN-7.jpg\" data-width=\"1638\" data-height=\"2048\" aria-label=\"\" role=\"img\" ><\/div>\n\t\t\t\t\t\t\t\t\t\t\t\t\t\t<\/div>\n\t\t\t\t\t\t\t<div class=\"e-gallery-item elementor-gallery-item elementor-animated-content\">\n\t\t\t\t\t<div class=\"e-gallery-image elementor-gallery-item__image\" data-thumbnail=\"https:\/\/yuhaopan.com\/wp-content\/uploads\/2026\/04\/Chronos-Flora-Yuhao-PAN-6.jpg\" data-width=\"1638\" data-height=\"2048\" aria-label=\"\" role=\"img\" ><\/div>\n\t\t\t\t\t\t\t\t\t\t\t\t\t\t<\/div>\n\t\t\t\t\t\t\t<div class=\"e-gallery-item elementor-gallery-item elementor-animated-content\">\n\t\t\t\t\t<div class=\"e-gallery-image elementor-gallery-item__image\" data-thumbnail=\"https:\/\/yuhaopan.com\/wp-content\/uploads\/2026\/04\/Chronos-Flora-Yuhao-PAN-10.jpg\" data-width=\"1638\" data-height=\"2048\" aria-label=\"\" role=\"img\" ><\/div>\n\t\t\t\t\t\t\t\t\t\t\t\t\t\t<\/div>\n\t\t\t\t\t\t\t<div class=\"e-gallery-item elementor-gallery-item elementor-animated-content\">\n\t\t\t\t\t<div class=\"e-gallery-image elementor-gallery-item__image\" data-thumbnail=\"https:\/\/yuhaopan.com\/wp-content\/uploads\/2026\/04\/Chronos-Flora-Yuhao-PAN-13.jpg\" data-width=\"1638\" data-height=\"2048\" aria-label=\"\" role=\"img\" ><\/div>\n\t\t\t\t\t\t\t\t\t\t\t\t\t\t<\/div>\n\t\t\t\t\t\t\t<div class=\"e-gallery-item elementor-gallery-item elementor-animated-content\">\n\t\t\t\t\t<div class=\"e-gallery-image elementor-gallery-item__image\" data-thumbnail=\"https:\/\/yuhaopan.com\/wp-content\/uploads\/2026\/04\/Chronos-Flora-Yuhao-PAN-4.jpg\" data-width=\"1638\" data-height=\"2048\" aria-label=\"\" role=\"img\" ><\/div>\n\t\t\t\t\t\t\t\t\t\t\t\t\t\t<\/div>\n\t\t\t\t\t<\/div>\n\t\t\t\t\t<\/div>\n\t\t\t\t<div class=\"elementor-element elementor-element-6d21801 elementor-widget elementor-widget-spacer\" data-id=\"6d21801\" data-element_type=\"widget\" data-e-type=\"widget\" data-widget_type=\"spacer.default\">\n\t\t\t\t\t\t\t<div class=\"elementor-spacer\">\n\t\t\t<div class=\"elementor-spacer-inner\"><\/div>\n\t\t<\/div>\n\t\t\t\t\t\t<\/div>\n\t\t<div class=\"elementor-element elementor-element-279a25b e-grid e-con-full e-con e-child\" data-id=\"279a25b\" data-element_type=\"container\" data-e-type=\"container\">\n\t\t\t\t<div class=\"elementor-element elementor-element-d054e45 elementor-widget elementor-widget-text-editor\" data-id=\"d054e45\" data-element_type=\"widget\" data-e-type=\"widget\" data-widget_type=\"text-editor.default\">\n\t\t\t\t\t\t\t\t\t<h6><strong>\u4f5c\u54c1\u6536\u85cf \u88c5\u88f1\u7ec6\u8282 <\/strong><\/h6><p data-path-to-node=\"4\"><b data-path-to-node=\"4\" data-index-in-node=\"0\">\u827a\u672f\u5bb6 \uff1a<\/b> \u6f58\u96e8\u660a<\/p><p data-path-to-node=\"4\"><b data-path-to-node=\"4\" data-index-in-node=\"22\">\u6444\u5f71\u7cfb\u5217 \uff1a<\/b> <i data-path-to-node=\"4\" data-index-in-node=\"30\">Chronos-Flora<\/i><\/p><p data-path-to-node=\"4\"><b data-path-to-node=\"4\" data-index-in-node=\"44\">\u5c3a\u5bf8 \uff1a<\/b> 40 \u00d7 50 cm<\/p><p data-path-to-node=\"4\"><b data-path-to-node=\"4\" data-index-in-node=\"64\">\u5168\u7403\u9650\u91cf 8 \u5e45 + 2 \u5e45\u827a\u672f\u5bb6\u81ea\u7559\u7248<\/b><strong>on Limit\u00e9e \u00e0<\/strong> 8<b data-path-to-node=\"4\" data-index-in-node=\"84\">\u00a0exemplaires<\/b> + 2 \u00e9preuve d\u2019artiste (EA).<\/p><p data-path-to-node=\"5\">\u827a\u672f\u5fae\u55b7\u5de5\u827a \u54c8\u5185\u59c6\u52d2\u6444\u5f71\u7eaf\u68c9\u786b\u5316\u94a1\u7eb9\u7406\u827a\u672f\u76f8\u7eb8315\u514b <span style=\"color: #808080;\">100% \u7eaf\u68c9\u8d28\u611f\uff0c\u5177\u5907\u6781\u9ad8\u7684\u9ed1\u4f4d\u6df1\uff08D-Max\uff09\u3002\u7ecf\u8ba4\u8bc1\u6536\u85cf\u5bff\u547d\u8d85\u8fc7 100 \u5e74\u3002<\/span><\/p><p data-path-to-node=\"6\">\u88c5\u88f1\u4e8e2 \u6beb\u7c73 Dibond \u94dd\u590d\u5408\u677f\u88c5\u88f1\uff0c\u80cc\u914d\u94dd\u8d28\u5d4c\u5165\u5f0f\u6302\u67b6 (30 \u00d7 20 \u6beb\u7c73)\uff0c\u53ef\u76f4\u63a5\u60ac\u6302\u3002<\/p><p data-path-to-node=\"7\">\u4f5c\u54c1\u80cc\u9762\u7531\u827a\u672f\u5bb6\u672c\u4eba\u7b7e\u540d\u5e76\u7f16\u53f7\uff0c\u9644\u5e26\u827a\u672f\u5bb6\u7b7e\u53d1\u7684\u9632\u4f2a\u53ca\u6240\u6709\u6743\u8bc1\u4e66\u3002<\/p><p data-path-to-node=\"8\">\u88c5\u88f1 \uff1a\u00a0<strong>\u6cd5\u56fd\u5df4\u9ece Picto Paris \u5f71\u50cf\u4e13\u4e1a\u5b9e\u9a8c\u5ba4<\/strong><\/p><p data-path-to-node=\"9\"><i data-path-to-node=\"9\" data-index-in-node=\"0\">\u5907\u6ce8\uff1a\u53ef\u6839\u636e\u9700\u6c42\uff0c\u63d0\u4f9b\u672a\u88c5\u88f1\u7684\u5355\u5f20\u5fae\u55b7\u4f5c\u54c1\u3002<\/i><\/p>\t\t\t\t\t\t\t\t<\/div>\n\t\t\t\t<div class=\"elementor-element elementor-element-536e5ac elementor-arrows-position-outside elementor-widget elementor-widget-image-carousel\" data-id=\"536e5ac\" data-element_type=\"widget\" data-e-type=\"widget\" data-settings=\"{&quot;slides_to_show&quot;:&quot;1&quot;,&quot;navigation&quot;:&quot;arrows&quot;,&quot;autoplay_speed&quot;:1600,&quot;speed&quot;:300,&quot;effect&quot;:&quot;fade&quot;,&quot;autoplay&quot;:&quot;yes&quot;,&quot;pause_on_hover&quot;:&quot;yes&quot;,&quot;pause_on_interaction&quot;:&quot;yes&quot;,&quot;infinite&quot;:&quot;yes&quot;}\" data-widget_type=\"image-carousel.default\">\n\t\t\t\t\t\t\t<div class=\"elementor-image-carousel-wrapper swiper\" role=\"region\" aria-roledescription=\"carousel\" aria-label=\"Carrousel d\u2019images\" dir=\"ltr\">\n\t\t\t<div class=\"elementor-image-carousel swiper-wrapper\" aria-live=\"off\">\n\t\t\t\t\t\t\t\t<div class=\"swiper-slide\" role=\"group\" aria-roledescription=\"slide\" aria-label=\"1 sur 4\"><figure class=\"swiper-slide-inner\"><img decoding=\"async\" class=\"swiper-slide-image\" src=\"https:\/\/yuhaopan.com\/wp-content\/uploads\/2026\/03\/Chronos-Flora-Tirage-Par-Picto-Paris-1-scaled.jpg\" alt=\"Chronos-Flora - Tirage Par Picto Paris 1\" \/><\/figure><\/div><div class=\"swiper-slide\" role=\"group\" aria-roledescription=\"slide\" aria-label=\"2 sur 4\"><figure class=\"swiper-slide-inner\"><img decoding=\"async\" class=\"swiper-slide-image\" src=\"https:\/\/yuhaopan.com\/wp-content\/uploads\/2026\/03\/Chronos-Flora-Tirage-Par-Picto-Paris-2-scaled.jpg\" alt=\"Chronos-Flora - Tirage Par Picto Paris 2\" \/><\/figure><\/div><div class=\"swiper-slide\" role=\"group\" aria-roledescription=\"slide\" aria-label=\"3 sur 4\"><figure class=\"swiper-slide-inner\"><img decoding=\"async\" class=\"swiper-slide-image\" src=\"https:\/\/yuhaopan.com\/wp-content\/uploads\/2026\/03\/Chronos-Flora-Tirage-Par-Picto-Paris-3-scaled.jpg\" alt=\"Chronos-Flora - Tirage Par Picto Paris 3\" \/><\/figure><\/div><div class=\"swiper-slide\" role=\"group\" aria-roledescription=\"slide\" aria-label=\"4 sur 4\"><figure class=\"swiper-slide-inner\"><img decoding=\"async\" class=\"swiper-slide-image\" src=\"https:\/\/yuhaopan.com\/wp-content\/uploads\/2026\/03\/Chronos-Flora-Tirage-Par-Picto-Paris-4-scaled.jpg\" alt=\"Chronos-Flora - Tirage Par Picto Paris 4\" \/><\/figure><\/div>\t\t\t<\/div>\n\t\t\t\t\t\t\t\t\t\t\t\t<div class=\"elementor-swiper-button elementor-swiper-button-prev\" role=\"button\" tabindex=\"0\">\n\t\t\t\t\t\t<i aria-hidden=\"true\" class=\"eicon-chevron-left\"><\/i>\t\t\t\t\t<\/div>\n\t\t\t\t\t<div class=\"elementor-swiper-button elementor-swiper-button-next\" role=\"button\" tabindex=\"0\">\n\t\t\t\t\t\t<i aria-hidden=\"true\" class=\"eicon-chevron-right\"><\/i>\t\t\t\t\t<\/div>\n\t\t\t\t\n\t\t\t\t\t\t\t\t\t<\/div>\n\t\t\t\t\t\t<\/div>\n\t\t\t\t<\/div>\n\t\t\t\t<\/div>\n\t\t\t\t<\/div>\n\t\t\t\t<\/div>","protected":false},"excerpt":{"rendered":"<p>\u00ab Chronos-Flora\u00a0\u00bb La s\u00e9rie Chronos-Flora est une exploration de la mati\u00e8re florale \u00e0 travers le prisme du temps.S\u2019\u00e9loignant de la nettet\u00e9, j\u2019utilise la pose longue pour r\u00e9interpr\u00e9ter les silhouettes et la pulsation color\u00e9e. Chaque tirage devient une \u0153uvre picturale impressionniste. Les photographies pr\u00e9sent\u00e9es ne donnent pas \u00e0 voir des fleurs, mais des tra\u00een\u00e9es de lumi\u00e8re [&hellip;]<\/p>\n","protected":false},"author":1,"featured_media":0,"parent":0,"menu_order":0,"comment_status":"closed","ping_status":"closed","template":"","meta":{"footnotes":""},"class_list":["post-3343","page","type-page","status-publish","hentry"],"yoast_head":"<!-- This site is optimized with the Yoast SEO Premium plugin v26.4 (Yoast SEO v27.5) - https:\/\/yoast.com\/product\/yoast-seo-premium-wordpress\/ -->\n<title>Chronos-Flora - Yuhao PAN<\/title>\n<meta name=\"robots\" content=\"index, follow, max-snippet:-1, max-image-preview:large, max-video-preview:-1\" \/>\n<link rel=\"canonical\" href=\"https:\/\/yuhaopan.com\/zh\/chronos-flora\/\" \/>\n<meta property=\"og:locale\" content=\"zh_CN\" \/>\n<meta property=\"og:type\" content=\"article\" \/>\n<meta property=\"og:title\" content=\"Chronos-Flora\" \/>\n<meta property=\"og:description\" content=\"\u00ab Chronos-Flora\u00a0\u00bb La s\u00e9rie Chronos-Flora est une exploration de la mati\u00e8re florale \u00e0 travers le prisme du temps.S\u2019\u00e9loignant de la nettet\u00e9, j\u2019utilise la pose longue pour r\u00e9interpr\u00e9ter les silhouettes et la pulsation color\u00e9e. Chaque tirage devient une \u0153uvre picturale impressionniste. Les photographies pr\u00e9sent\u00e9es ne donnent pas \u00e0 voir des fleurs, mais des tra\u00een\u00e9es de lumi\u00e8re [&hellip;]\" \/>\n<meta property=\"og:url\" content=\"https:\/\/yuhaopan.com\/zh\/chronos-flora\/\" \/>\n<meta property=\"og:site_name\" content=\"Yuhao PAN\" \/>\n<meta property=\"article:modified_time\" content=\"2026-04-03T09:25:23+00:00\" \/>\n<meta property=\"og:image\" content=\"https:\/\/yuhaopan.com\/wp-content\/uploads\/2026\/03\/Chronos-Flora-Tirage-Par-Picto-Paris-1-scaled.jpg\" \/>\n<meta name=\"twitter:card\" content=\"summary_large_image\" \/>\n<meta name=\"twitter:label1\" content=\"\u9884\u8ba1\u9605\u8bfb\u65f6\u95f4\" \/>\n\t<meta name=\"twitter:data1\" content=\"3 \u5206\" \/>\n<script type=\"application\/ld+json\" class=\"yoast-schema-graph\">{\"@context\":\"https:\\\/\\\/schema.org\",\"@graph\":[{\"@type\":\"WebPage\",\"@id\":\"https:\\\/\\\/yuhaopan.com\\\/chronos-flora\\\/\",\"url\":\"https:\\\/\\\/yuhaopan.com\\\/chronos-flora\\\/\",\"name\":\"Chronos-Flora - Yuhao PAN\",\"isPartOf\":{\"@id\":\"https:\\\/\\\/yuhaopan.com\\\/#website\"},\"primaryImageOfPage\":{\"@id\":\"https:\\\/\\\/yuhaopan.com\\\/chronos-flora\\\/#primaryimage\"},\"image\":{\"@id\":\"https:\\\/\\\/yuhaopan.com\\\/chronos-flora\\\/#primaryimage\"},\"thumbnailUrl\":\"https:\\\/\\\/yuhaopan.com\\\/wp-content\\\/uploads\\\/2026\\\/03\\\/Chronos-Flora-Tirage-Par-Picto-Paris-1-scaled.jpg\",\"datePublished\":\"2026-03-29T18:09:12+00:00\",\"dateModified\":\"2026-04-03T09:25:23+00:00\",\"breadcrumb\":{\"@id\":\"https:\\\/\\\/yuhaopan.com\\\/chronos-flora\\\/#breadcrumb\"},\"inLanguage\":\"zh-Hans\",\"potentialAction\":[{\"@type\":\"ReadAction\",\"target\":[\"https:\\\/\\\/yuhaopan.com\\\/chronos-flora\\\/\"]}]},{\"@type\":\"ImageObject\",\"inLanguage\":\"zh-Hans\",\"@id\":\"https:\\\/\\\/yuhaopan.com\\\/chronos-flora\\\/#primaryimage\",\"url\":\"https:\\\/\\\/yuhaopan.com\\\/wp-content\\\/uploads\\\/2026\\\/03\\\/Chronos-Flora-Tirage-Par-Picto-Paris-1-scaled.jpg\",\"contentUrl\":\"https:\\\/\\\/yuhaopan.com\\\/wp-content\\\/uploads\\\/2026\\\/03\\\/Chronos-Flora-Tirage-Par-Picto-Paris-1-scaled.jpg\"},{\"@type\":\"BreadcrumbList\",\"@id\":\"https:\\\/\\\/yuhaopan.com\\\/chronos-flora\\\/#breadcrumb\",\"itemListElement\":[{\"@type\":\"ListItem\",\"position\":1,\"name\":\"Accueil\",\"item\":\"https:\\\/\\\/yuhaopan.com\\\/\"},{\"@type\":\"ListItem\",\"position\":2,\"name\":\"Chronos-Flora\"}]},{\"@type\":\"WebSite\",\"@id\":\"https:\\\/\\\/yuhaopan.com\\\/#website\",\"url\":\"https:\\\/\\\/yuhaopan.com\\\/\",\"name\":\"Yuhao PAN - Artiste Photographe\",\"description\":\"Photographer &amp; Art Director\",\"publisher\":{\"@id\":\"https:\\\/\\\/yuhaopan.com\\\/#\\\/schema\\\/person\\\/9f058b6ae826918e81050013f55ec1b4\"},\"alternateName\":\"Yuhao PAN - Artiste Photographe et Vid\u00e9aste \u00e0 Paris\",\"potentialAction\":[{\"@type\":\"SearchAction\",\"target\":{\"@type\":\"EntryPoint\",\"urlTemplate\":\"https:\\\/\\\/yuhaopan.com\\\/?s={search_term_string}\"},\"query-input\":{\"@type\":\"PropertyValueSpecification\",\"valueRequired\":true,\"valueName\":\"search_term_string\"}}],\"inLanguage\":\"zh-Hans\"},{\"@type\":[\"Person\",\"Organization\"],\"@id\":\"https:\\\/\\\/yuhaopan.com\\\/#\\\/schema\\\/person\\\/9f058b6ae826918e81050013f55ec1b4\",\"name\":\"yuhao.pan@outlook.com\",\"image\":{\"@type\":\"ImageObject\",\"inLanguage\":\"zh-Hans\",\"@id\":\"https:\\\/\\\/yuhaopan.com\\\/wp-content\\\/uploads\\\/2026\\\/01\\\/Cachet-etiquette-Yuhao-pan.jpg\",\"url\":\"https:\\\/\\\/yuhaopan.com\\\/wp-content\\\/uploads\\\/2026\\\/01\\\/Cachet-etiquette-Yuhao-pan.jpg\",\"contentUrl\":\"https:\\\/\\\/yuhaopan.com\\\/wp-content\\\/uploads\\\/2026\\\/01\\\/Cachet-etiquette-Yuhao-pan.jpg\",\"width\":591,\"height\":591,\"caption\":\"yuhao.pan@outlook.com\"},\"logo\":{\"@id\":\"https:\\\/\\\/yuhaopan.com\\\/wp-content\\\/uploads\\\/2026\\\/01\\\/Cachet-etiquette-Yuhao-pan.jpg\"},\"sameAs\":[\"https:\\\/\\\/yuhaopan.com\"]}]}<\/script>\n<!-- \/ Yoast SEO Premium plugin. -->","yoast_head_json":{"title":"Chronos-Flora - Yuhao PAN","robots":{"index":"index","follow":"follow","max-snippet":"max-snippet:-1","max-image-preview":"max-image-preview:large","max-video-preview":"max-video-preview:-1"},"canonical":"https:\/\/yuhaopan.com\/zh\/chronos-flora\/","og_locale":"zh_CN","og_type":"article","og_title":"Chronos-Flora","og_description":"\u00ab Chronos-Flora\u00a0\u00bb La s\u00e9rie Chronos-Flora est une exploration de la mati\u00e8re florale \u00e0 travers le prisme du temps.S\u2019\u00e9loignant de la nettet\u00e9, j\u2019utilise la pose longue pour r\u00e9interpr\u00e9ter les silhouettes et la pulsation color\u00e9e. Chaque tirage devient une \u0153uvre picturale impressionniste. Les photographies pr\u00e9sent\u00e9es ne donnent pas \u00e0 voir des fleurs, mais des tra\u00een\u00e9es de lumi\u00e8re [&hellip;]","og_url":"https:\/\/yuhaopan.com\/zh\/chronos-flora\/","og_site_name":"Yuhao PAN","article_modified_time":"2026-04-03T09:25:23+00:00","og_image":[{"url":"https:\/\/yuhaopan.com\/wp-content\/uploads\/2026\/03\/Chronos-Flora-Tirage-Par-Picto-Paris-1-scaled.jpg","type":"","width":"","height":""}],"twitter_card":"summary_large_image","twitter_misc":{"\u9884\u8ba1\u9605\u8bfb\u65f6\u95f4":"3 \u5206"},"schema":{"@context":"https:\/\/schema.org","@graph":[{"@type":"WebPage","@id":"https:\/\/yuhaopan.com\/chronos-flora\/","url":"https:\/\/yuhaopan.com\/chronos-flora\/","name":"Chronos-Flora - Yuhao PAN","isPartOf":{"@id":"https:\/\/yuhaopan.com\/#website"},"primaryImageOfPage":{"@id":"https:\/\/yuhaopan.com\/chronos-flora\/#primaryimage"},"image":{"@id":"https:\/\/yuhaopan.com\/chronos-flora\/#primaryimage"},"thumbnailUrl":"https:\/\/yuhaopan.com\/wp-content\/uploads\/2026\/03\/Chronos-Flora-Tirage-Par-Picto-Paris-1-scaled.jpg","datePublished":"2026-03-29T18:09:12+00:00","dateModified":"2026-04-03T09:25:23+00:00","breadcrumb":{"@id":"https:\/\/yuhaopan.com\/chronos-flora\/#breadcrumb"},"inLanguage":"zh-Hans","potentialAction":[{"@type":"ReadAction","target":["https:\/\/yuhaopan.com\/chronos-flora\/"]}]},{"@type":"ImageObject","inLanguage":"zh-Hans","@id":"https:\/\/yuhaopan.com\/chronos-flora\/#primaryimage","url":"https:\/\/yuhaopan.com\/wp-content\/uploads\/2026\/03\/Chronos-Flora-Tirage-Par-Picto-Paris-1-scaled.jpg","contentUrl":"https:\/\/yuhaopan.com\/wp-content\/uploads\/2026\/03\/Chronos-Flora-Tirage-Par-Picto-Paris-1-scaled.jpg"},{"@type":"BreadcrumbList","@id":"https:\/\/yuhaopan.com\/chronos-flora\/#breadcrumb","itemListElement":[{"@type":"ListItem","position":1,"name":"Accueil","item":"https:\/\/yuhaopan.com\/"},{"@type":"ListItem","position":2,"name":"Chronos-Flora"}]},{"@type":"WebSite","@id":"https:\/\/yuhaopan.com\/#website","url":"https:\/\/yuhaopan.com\/","name":"Yuhao PAN - Artiste Photographe","description":"Photographer &amp; Art Director","publisher":{"@id":"https:\/\/yuhaopan.com\/#\/schema\/person\/9f058b6ae826918e81050013f55ec1b4"},"alternateName":"Yuhao PAN - Artiste Photographe et Vid\u00e9aste \u00e0 Paris","potentialAction":[{"@type":"SearchAction","target":{"@type":"EntryPoint","urlTemplate":"https:\/\/yuhaopan.com\/?s={search_term_string}"},"query-input":{"@type":"PropertyValueSpecification","valueRequired":true,"valueName":"search_term_string"}}],"inLanguage":"zh-Hans"},{"@type":["Person","Organization"],"@id":"https:\/\/yuhaopan.com\/#\/schema\/person\/9f058b6ae826918e81050013f55ec1b4","name":"yuhao.pan@outlook.com","image":{"@type":"ImageObject","inLanguage":"zh-Hans","@id":"https:\/\/yuhaopan.com\/wp-content\/uploads\/2026\/01\/Cachet-etiquette-Yuhao-pan.jpg","url":"https:\/\/yuhaopan.com\/wp-content\/uploads\/2026\/01\/Cachet-etiquette-Yuhao-pan.jpg","contentUrl":"https:\/\/yuhaopan.com\/wp-content\/uploads\/2026\/01\/Cachet-etiquette-Yuhao-pan.jpg","width":591,"height":591,"caption":"yuhao.pan@outlook.com"},"logo":{"@id":"https:\/\/yuhaopan.com\/wp-content\/uploads\/2026\/01\/Cachet-etiquette-Yuhao-pan.jpg"},"sameAs":["https:\/\/yuhaopan.com"]}]}},"_links":{"self":[{"href":"https:\/\/yuhaopan.com\/zh\/wp-json\/wp\/v2\/pages\/3343","targetHints":{"allow":["GET"]}}],"collection":[{"href":"https:\/\/yuhaopan.com\/zh\/wp-json\/wp\/v2\/pages"}],"about":[{"href":"https:\/\/yuhaopan.com\/zh\/wp-json\/wp\/v2\/types\/page"}],"author":[{"embeddable":true,"href":"https:\/\/yuhaopan.com\/zh\/wp-json\/wp\/v2\/users\/1"}],"replies":[{"embeddable":true,"href":"https:\/\/yuhaopan.com\/zh\/wp-json\/wp\/v2\/comments?post=3343"}],"version-history":[{"count":0,"href":"https:\/\/yuhaopan.com\/zh\/wp-json\/wp\/v2\/pages\/3343\/revisions"}],"wp:attachment":[{"href":"https:\/\/yuhaopan.com\/zh\/wp-json\/wp\/v2\/media?parent=3343"}],"curies":[{"name":"wp","href":"https:\/\/api.w.org\/{rel}","templated":true}]}}