{"id":845,"date":"2025-12-15T16:38:08","date_gmt":"2025-12-15T16:38:08","guid":{"rendered":"https:\/\/yuhaopan.com\/?page_id=845"},"modified":"2026-02-23T20:19:27","modified_gmt":"2026-02-23T20:19:27","slug":"video-opera-royal","status":"publish","type":"page","link":"https:\/\/yuhaopan.com\/zh\/video-opera-royal\/","title":{"rendered":"Vid\u00e9o Op\u00e9ra Royal"},"content":{"rendered":"<div data-elementor-type=\"wp-page\" data-elementor-id=\"845\" class=\"elementor elementor-845\" data-elementor-post-type=\"page\">\n\t\t\t\t<div class=\"elementor-element elementor-element-734600b e-con-full e-flex e-con e-parent\" data-id=\"734600b\" data-element_type=\"container\" data-e-type=\"container\" data-settings=\"{&quot;background_background&quot;:&quot;classic&quot;}\">\n\t\t<div class=\"elementor-element elementor-element-dbcce92 e-con-full e-flex e-con e-child\" data-id=\"dbcce92\" data-element_type=\"container\" data-e-type=\"container\">\n\t\t\t\t<div class=\"elementor-element elementor-element-5200b5f elementor-widget elementor-widget-spacer\" data-id=\"5200b5f\" data-element_type=\"widget\" data-e-type=\"widget\" data-widget_type=\"spacer.default\">\n\t\t\t\t\t\t\t<div class=\"elementor-spacer\">\n\t\t\t<div class=\"elementor-spacer-inner\"><\/div>\n\t\t<\/div>\n\t\t\t\t\t\t<\/div>\n\t\t\t\t<\/div>\n\t\t<div class=\"elementor-element elementor-element-e8b854c e-con-full e-flex e-con e-child\" data-id=\"e8b854c\" data-element_type=\"container\" data-e-type=\"container\">\n\t\t\t\t<div class=\"elementor-element elementor-element-957da65 elementor-widget elementor-widget-spacer\" data-id=\"957da65\" data-element_type=\"widget\" data-e-type=\"widget\" data-widget_type=\"spacer.default\">\n\t\t\t\t\t\t\t<div class=\"elementor-spacer\">\n\t\t\t<div class=\"elementor-spacer-inner\"><\/div>\n\t\t<\/div>\n\t\t\t\t\t\t<\/div>\n\t\t\t\t<div class=\"elementor-element elementor-element-1c8978c elementor-widget elementor-widget-text-editor\" data-id=\"1c8978c\" data-element_type=\"widget\" data-e-type=\"widget\" data-widget_type=\"text-editor.default\">\n\t\t\t\t\t\t\t\t\t<h5><strong>R\u00e9alisation de vid\u00e9os<\/strong><\/h5><p>Vid\u00e9aste pour Ch\u00e2teau de Versailles Spectacles et l&rsquo;Op\u00e9ra Royal en 2024, j&rsquo;ai \u00e9t\u00e9 charg\u00e9 de capturer l&rsquo;essence des spectacles baroques et des grands \u00e9v\u00e9nements du domaine. J&rsquo;ai r\u00e9alis\u00e9 des contenus vid\u00e9o vari\u00e9s \u2013 teasers, captations et reportages en coulisses \u2013 pour des productions telles que\u00a0<em>Didon et \u00c9n\u00e9e<\/em> et\u00a0<em>Polifemo<\/em>, ainsi que pour des \u00e9v\u00e9nements d&rsquo;envergure comme\u00a0<em>Le Bal du Si\u00e8cle<\/em>\u00a0et\u00a0<em>Les Grandes Eaux Nocturnes<\/em>.<\/p>\t\t\t\t\t\t\t\t<\/div>\n\t\t\t\t<div class=\"elementor-element elementor-element-3eb2614 elementor-widget elementor-widget-video\" data-id=\"3eb2614\" data-element_type=\"widget\" data-e-type=\"widget\" data-settings=\"{&quot;youtube_url&quot;:&quot;https:\\\/\\\/youtu.be\\\/dnqAxgGUWRU&quot;,&quot;show_image_overlay&quot;:&quot;yes&quot;,&quot;image_overlay&quot;:{&quot;url&quot;:&quot;https:\\\/\\\/yuhaopan.com\\\/wp-content\\\/uploads\\\/2025\\\/12\\\/Portfolio-Maison-des-Artistes-1.jpg&quot;,&quot;id&quot;:864,&quot;size&quot;:&quot;&quot;,&quot;alt&quot;:&quot;&quot;,&quot;source&quot;:&quot;library&quot;},&quot;autoplay&quot;:&quot;yes&quot;,&quot;play_on_mobile&quot;:&quot;yes&quot;,&quot;loop&quot;:&quot;yes&quot;,&quot;lazy_load&quot;:&quot;yes&quot;,&quot;lightbox&quot;:&quot;yes&quot;,&quot;video_type&quot;:&quot;youtube&quot;,&quot;controls&quot;:&quot;yes&quot;}\" data-widget_type=\"video.default\">\n\t\t\t\t\t\t\t<div class=\"elementor-wrapper elementor-open-lightbox\">\n\t\t\t\t\t\t\t<div class=\"elementor-custom-embed-image-overlay\" data-elementor-open-lightbox=\"yes\" data-elementor-lightbox=\"{&quot;type&quot;:&quot;video&quot;,&quot;videoType&quot;:&quot;youtube&quot;,&quot;url&quot;:&quot;https:\\\/\\\/www.youtube.com\\\/embed\\\/dnqAxgGUWRU?feature=oembed&amp;playlist=dnqAxgGUWRU&amp;start&amp;end&amp;wmode=opaque&amp;loop=1&amp;controls=1&amp;mute=0&amp;rel=0&amp;cc_load_policy=0&quot;,&quot;autoplay&quot;:&quot;yes&quot;,&quot;modalOptions&quot;:{&quot;id&quot;:&quot;elementor-lightbox-3eb2614&quot;,&quot;entranceAnimation&quot;:&quot;&quot;,&quot;entranceAnimation_tablet&quot;:&quot;&quot;,&quot;entranceAnimation_mobile&quot;:&quot;&quot;,&quot;videoAspectRatio&quot;:&quot;169&quot;}}\" data-e-action-hash=\"#elementor-action%3Aaction%3Dlightbox%26settings%3DeyJ0eXBlIjoidmlkZW8iLCJ2aWRlb1R5cGUiOiJ5b3V0dWJlIiwidXJsIjoiaHR0cHM6XC9cL3d3dy55b3V0dWJlLmNvbVwvZW1iZWRcL2RucUF4Z0dVV1JVP2ZlYXR1cmU9b2VtYmVkJnBsYXlsaXN0PWRucUF4Z0dVV1JVJnN0YXJ0JmVuZCZ3bW9kZT1vcGFxdWUmbG9vcD0xJmNvbnRyb2xzPTEmbXV0ZT0wJnJlbD0wJmNjX2xvYWRfcG9saWN5PTAiLCJhdXRvcGxheSI6InllcyIsIm1vZGFsT3B0aW9ucyI6eyJpZCI6ImVsZW1lbnRvci1saWdodGJveC0zZWIyNjE0IiwiZW50cmFuY2VBbmltYXRpb24iOiIiLCJlbnRyYW5jZUFuaW1hdGlvbl90YWJsZXQiOiIiLCJlbnRyYW5jZUFuaW1hdGlvbl9tb2JpbGUiOiIiLCJ2aWRlb0FzcGVjdFJhdGlvIjoiMTY5In19\">\n\t\t\t\t\t\t\t\t\t\t\t<img fetchpriority=\"high\" decoding=\"async\" width=\"1920\" height=\"1080\" src=\"https:\/\/yuhaopan.com\/wp-content\/uploads\/2025\/12\/Portfolio-Maison-des-Artistes-1.jpg\" class=\"attachment-full size-full wp-image-864\" alt=\"\" srcset=\"https:\/\/yuhaopan.com\/wp-content\/uploads\/2025\/12\/Portfolio-Maison-des-Artistes-1.jpg 1920w, https:\/\/yuhaopan.com\/wp-content\/uploads\/2025\/12\/Portfolio-Maison-des-Artistes-1-300x169.jpg 300w, https:\/\/yuhaopan.com\/wp-content\/uploads\/2025\/12\/Portfolio-Maison-des-Artistes-1-1024x576.jpg 1024w, https:\/\/yuhaopan.com\/wp-content\/uploads\/2025\/12\/Portfolio-Maison-des-Artistes-1-768x432.jpg 768w, https:\/\/yuhaopan.com\/wp-content\/uploads\/2025\/12\/Portfolio-Maison-des-Artistes-1-1536x864.jpg 1536w, https:\/\/yuhaopan.com\/wp-content\/uploads\/2025\/12\/Portfolio-Maison-des-Artistes-1-18x10.jpg 18w\" sizes=\"(max-width: 1920px) 100vw, 1920px\" \/>\t\t\t\t\t\t\t\t\t\t\t\t\t\t\t\t<div class=\"elementor-custom-embed-play\" role=\"button\" aria-label=\"\u64ad\u653e\u89c6\u9891\" tabindex=\"0\" data-no-translation-aria-label=\"\">\n\t\t\t\t\t\t\t<i aria-hidden=\"true\" class=\"eicon-play\"><\/i>\t\t\t\t\t\t<\/div>\n\t\t\t\t\t\t\t\t\t<\/div>\n\t\t\t\t\t<\/div>\n\t\t\t\t\t\t<\/div>\n\t\t<div class=\"elementor-element elementor-element-6a81341 e-grid e-con-full e-con e-child\" data-id=\"6a81341\" data-element_type=\"container\" data-e-type=\"container\">\n\t\t\t\t<div class=\"elementor-element elementor-element-f2070d6 elementor-widget elementor-widget-video\" data-id=\"f2070d6\" data-element_type=\"widget\" data-e-type=\"widget\" data-settings=\"{&quot;youtube_url&quot;:&quot;https:\\\/\\\/youtu.be\\\/6TSIxBw9ySE?list=TLGGAvQjId-3B-AyMzEyMjAyNQ&quot;,&quot;autoplay&quot;:&quot;yes&quot;,&quot;play_on_mobile&quot;:&quot;yes&quot;,&quot;loop&quot;:&quot;yes&quot;,&quot;lazy_load&quot;:&quot;yes&quot;,&quot;show_image_overlay&quot;:&quot;yes&quot;,&quot;image_overlay&quot;:{&quot;url&quot;:&quot;https:\\\/\\\/yuhaopan.com\\\/wp-content\\\/uploads\\\/2025\\\/12\\\/Molere-\\u2e31-LAvare.jpg&quot;,&quot;id&quot;:1030,&quot;size&quot;:&quot;&quot;,&quot;alt&quot;:&quot;&quot;,&quot;source&quot;:&quot;library&quot;},&quot;lightbox&quot;:&quot;yes&quot;,&quot;video_type&quot;:&quot;youtube&quot;,&quot;controls&quot;:&quot;yes&quot;}\" data-widget_type=\"video.default\">\n\t\t\t\t\t\t\t<div class=\"elementor-wrapper elementor-open-lightbox\">\n\t\t\t\t\t\t\t<div class=\"elementor-custom-embed-image-overlay\" data-elementor-open-lightbox=\"yes\" data-elementor-lightbox=\"{&quot;type&quot;:&quot;video&quot;,&quot;videoType&quot;:&quot;youtube&quot;,&quot;url&quot;:&quot;https:\\\/\\\/www.youtube.com\\\/embed\\\/6TSIxBw9ySE?feature=oembed&amp;playlist=6TSIxBw9ySE&amp;start&amp;end&amp;wmode=opaque&amp;loop=1&amp;controls=1&amp;mute=0&amp;rel=0&amp;cc_load_policy=0&quot;,&quot;autoplay&quot;:&quot;yes&quot;,&quot;modalOptions&quot;:{&quot;id&quot;:&quot;elementor-lightbox-f2070d6&quot;,&quot;entranceAnimation&quot;:&quot;&quot;,&quot;entranceAnimation_tablet&quot;:&quot;&quot;,&quot;entranceAnimation_mobile&quot;:&quot;&quot;,&quot;videoAspectRatio&quot;:&quot;169&quot;}}\" data-e-action-hash=\"#elementor-action%3Aaction%3Dlightbox%26settings%3DeyJ0eXBlIjoidmlkZW8iLCJ2aWRlb1R5cGUiOiJ5b3V0dWJlIiwidXJsIjoiaHR0cHM6XC9cL3d3dy55b3V0dWJlLmNvbVwvZW1iZWRcLzZUU0l4Qnc5eVNFP2ZlYXR1cmU9b2VtYmVkJnBsYXlsaXN0PTZUU0l4Qnc5eVNFJnN0YXJ0JmVuZCZ3bW9kZT1vcGFxdWUmbG9vcD0xJmNvbnRyb2xzPTEmbXV0ZT0wJnJlbD0wJmNjX2xvYWRfcG9saWN5PTAiLCJhdXRvcGxheSI6InllcyIsIm1vZGFsT3B0aW9ucyI6eyJpZCI6ImVsZW1lbnRvci1saWdodGJveC1mMjA3MGQ2IiwiZW50cmFuY2VBbmltYXRpb24iOiIiLCJlbnRyYW5jZUFuaW1hdGlvbl90YWJsZXQiOiIiLCJlbnRyYW5jZUFuaW1hdGlvbl9tb2JpbGUiOiIiLCJ2aWRlb0FzcGVjdFJhdGlvIjoiMTY5In19\">\n\t\t\t\t\t\t\t\t\t\t\t<img decoding=\"async\" width=\"1280\" height=\"720\" src=\"https:\/\/yuhaopan.com\/wp-content\/uploads\/2025\/12\/Molere-\u2e31-LAvare.jpg\" class=\"attachment-full size-full wp-image-1030\" alt=\"\" srcset=\"https:\/\/yuhaopan.com\/wp-content\/uploads\/2025\/12\/Molere-\u2e31-LAvare.jpg 1280w, https:\/\/yuhaopan.com\/wp-content\/uploads\/2025\/12\/Molere-\u2e31-LAvare-300x169.jpg 300w, https:\/\/yuhaopan.com\/wp-content\/uploads\/2025\/12\/Molere-\u2e31-LAvare-1024x576.jpg 1024w, https:\/\/yuhaopan.com\/wp-content\/uploads\/2025\/12\/Molere-\u2e31-LAvare-768x432.jpg 768w, https:\/\/yuhaopan.com\/wp-content\/uploads\/2025\/12\/Molere-\u2e31-LAvare-18x10.jpg 18w\" sizes=\"(max-width: 1280px) 100vw, 1280px\" \/>\t\t\t\t\t\t\t\t\t\t\t\t\t\t\t\t<div class=\"elementor-custom-embed-play\" role=\"button\" aria-label=\"\u64ad\u653e\u89c6\u9891\" tabindex=\"0\" data-no-translation-aria-label=\"\">\n\t\t\t\t\t\t\t<i aria-hidden=\"true\" class=\"eicon-play\"><\/i>\t\t\t\t\t\t<\/div>\n\t\t\t\t\t\t\t\t\t<\/div>\n\t\t\t\t\t<\/div>\n\t\t\t\t\t\t<\/div>\n\t\t\t\t<div class=\"elementor-element elementor-element-44711f7 elementor-widget elementor-widget-video\" data-id=\"44711f7\" data-element_type=\"widget\" data-e-type=\"widget\" data-settings=\"{&quot;youtube_url&quot;:&quot;https:\\\/\\\/youtu.be\\\/e227mjqxJRE?list=TLGGPmWHpYT1Uh0yMzEyMjAyNQ&quot;,&quot;autoplay&quot;:&quot;yes&quot;,&quot;play_on_mobile&quot;:&quot;yes&quot;,&quot;loop&quot;:&quot;yes&quot;,&quot;lazy_load&quot;:&quot;yes&quot;,&quot;show_image_overlay&quot;:&quot;yes&quot;,&quot;image_overlay&quot;:{&quot;url&quot;:&quot;https:\\\/\\\/yuhaopan.com\\\/wp-content\\\/uploads\\\/2025\\\/12\\\/20.jpg&quot;,&quot;id&quot;:1029,&quot;size&quot;:&quot;&quot;,&quot;alt&quot;:&quot;&quot;,&quot;source&quot;:&quot;library&quot;},&quot;lightbox&quot;:&quot;yes&quot;,&quot;video_type&quot;:&quot;youtube&quot;,&quot;controls&quot;:&quot;yes&quot;}\" data-widget_type=\"video.default\">\n\t\t\t\t\t\t\t<div class=\"elementor-wrapper elementor-open-lightbox\">\n\t\t\t\t\t\t\t<div class=\"elementor-custom-embed-image-overlay\" data-elementor-open-lightbox=\"yes\" data-elementor-lightbox=\"{&quot;type&quot;:&quot;video&quot;,&quot;videoType&quot;:&quot;youtube&quot;,&quot;url&quot;:&quot;https:\\\/\\\/www.youtube.com\\\/embed\\\/e227mjqxJRE?feature=oembed&amp;playlist=e227mjqxJRE&amp;start&amp;end&amp;wmode=opaque&amp;loop=1&amp;controls=1&amp;mute=0&amp;rel=0&amp;cc_load_policy=0&quot;,&quot;autoplay&quot;:&quot;yes&quot;,&quot;modalOptions&quot;:{&quot;id&quot;:&quot;elementor-lightbox-44711f7&quot;,&quot;entranceAnimation&quot;:&quot;&quot;,&quot;entranceAnimation_tablet&quot;:&quot;&quot;,&quot;entranceAnimation_mobile&quot;:&quot;&quot;,&quot;videoAspectRatio&quot;:&quot;169&quot;}}\" data-e-action-hash=\"#elementor-action%3Aaction%3Dlightbox%26settings%3DeyJ0eXBlIjoidmlkZW8iLCJ2aWRlb1R5cGUiOiJ5b3V0dWJlIiwidXJsIjoiaHR0cHM6XC9cL3d3dy55b3V0dWJlLmNvbVwvZW1iZWRcL2UyMjdtanF4SlJFP2ZlYXR1cmU9b2VtYmVkJnBsYXlsaXN0PWUyMjdtanF4SlJFJnN0YXJ0JmVuZCZ3bW9kZT1vcGFxdWUmbG9vcD0xJmNvbnRyb2xzPTEmbXV0ZT0wJnJlbD0wJmNjX2xvYWRfcG9saWN5PTAiLCJhdXRvcGxheSI6InllcyIsIm1vZGFsT3B0aW9ucyI6eyJpZCI6ImVsZW1lbnRvci1saWdodGJveC00NDcxMWY3IiwiZW50cmFuY2VBbmltYXRpb24iOiIiLCJlbnRyYW5jZUFuaW1hdGlvbl90YWJsZXQiOiIiLCJlbnRyYW5jZUFuaW1hdGlvbl9tb2JpbGUiOiIiLCJ2aWRlb0FzcGVjdFJhdGlvIjoiMTY5In19\">\n\t\t\t\t\t\t\t\t\t\t\t<img decoding=\"async\" width=\"1280\" height=\"720\" src=\"https:\/\/yuhaopan.com\/wp-content\/uploads\/2025\/12\/20.jpg\" class=\"attachment-full size-full wp-image-1029\" alt=\"\" srcset=\"https:\/\/yuhaopan.com\/wp-content\/uploads\/2025\/12\/20.jpg 1280w, https:\/\/yuhaopan.com\/wp-content\/uploads\/2025\/12\/20-300x169.jpg 300w, https:\/\/yuhaopan.com\/wp-content\/uploads\/2025\/12\/20-1024x576.jpg 1024w, https:\/\/yuhaopan.com\/wp-content\/uploads\/2025\/12\/20-768x432.jpg 768w, https:\/\/yuhaopan.com\/wp-content\/uploads\/2025\/12\/20-18x10.jpg 18w\" sizes=\"(max-width: 1280px) 100vw, 1280px\" \/>\t\t\t\t\t\t\t\t\t\t\t\t\t\t\t\t<div class=\"elementor-custom-embed-play\" role=\"button\" aria-label=\"\u64ad\u653e\u89c6\u9891\" tabindex=\"0\" data-no-translation-aria-label=\"\">\n\t\t\t\t\t\t\t<i aria-hidden=\"true\" class=\"eicon-play\"><\/i>\t\t\t\t\t\t<\/div>\n\t\t\t\t\t\t\t\t\t<\/div>\n\t\t\t\t\t<\/div>\n\t\t\t\t\t\t<\/div>\n\t\t\t\t<\/div>\n\t\t\t\t<\/div>\n\t\t\t\t<\/div>\n\t\t\t\t<\/div>","protected":false},"excerpt":{"rendered":"<p>R\u00e9alisation de vid\u00e9os Vid\u00e9aste pour Ch\u00e2teau de Versailles Spectacles et l&rsquo;Op\u00e9ra Royal en 2024, j&rsquo;ai \u00e9t\u00e9 charg\u00e9 de capturer l&rsquo;essence des spectacles baroques et des grands \u00e9v\u00e9nements du domaine. J&rsquo;ai r\u00e9alis\u00e9 des contenus vid\u00e9o vari\u00e9s \u2013 teasers, captations et reportages en coulisses \u2013 pour des productions telles que\u00a0Didon et \u00c9n\u00e9e et\u00a0Polifemo, ainsi que pour des [&hellip;]<\/p>\n","protected":false},"author":1,"featured_media":0,"parent":0,"menu_order":0,"comment_status":"closed","ping_status":"closed","template":"","meta":{"footnotes":""},"class_list":["post-845","page","type-page","status-publish","hentry"],"yoast_head":"<!-- This site is optimized with the Yoast SEO Premium plugin v26.4 (Yoast SEO v27.5) - https:\/\/yoast.com\/product\/yoast-seo-premium-wordpress\/ -->\n<title>Vid\u00e9o Op\u00e9ra Royal - Yuhao PAN<\/title>\n<meta name=\"robots\" content=\"index, follow, max-snippet:-1, max-image-preview:large, max-video-preview:-1\" \/>\n<link rel=\"canonical\" href=\"https:\/\/yuhaopan.com\/zh\/video-opera-royal\/\" \/>\n<meta property=\"og:locale\" content=\"zh_CN\" \/>\n<meta property=\"og:type\" content=\"article\" \/>\n<meta property=\"og:title\" content=\"Vid\u00e9o Op\u00e9ra Royal\" \/>\n<meta property=\"og:description\" content=\"R\u00e9alisation de vid\u00e9os Vid\u00e9aste pour Ch\u00e2teau de Versailles Spectacles et l&rsquo;Op\u00e9ra Royal en 2024, j&rsquo;ai \u00e9t\u00e9 charg\u00e9 de capturer l&rsquo;essence des spectacles baroques et des grands \u00e9v\u00e9nements du domaine. J&rsquo;ai r\u00e9alis\u00e9 des contenus vid\u00e9o vari\u00e9s \u2013 teasers, captations et reportages en coulisses \u2013 pour des productions telles que\u00a0Didon et \u00c9n\u00e9e et\u00a0Polifemo, ainsi que pour des [&hellip;]\" \/>\n<meta property=\"og:url\" content=\"https:\/\/yuhaopan.com\/zh\/video-opera-royal\/\" \/>\n<meta property=\"og:site_name\" content=\"Yuhao PAN\" \/>\n<meta property=\"article:modified_time\" content=\"2026-02-23T20:19:27+00:00\" \/>\n<meta name=\"twitter:card\" content=\"summary_large_image\" \/>\n<meta name=\"twitter:label1\" content=\"\u9884\u8ba1\u9605\u8bfb\u65f6\u95f4\" \/>\n\t<meta name=\"twitter:data1\" content=\"1 \u5206\" \/>\n<script type=\"application\/ld+json\" class=\"yoast-schema-graph\">{\"@context\":\"https:\\\/\\\/schema.org\",\"@graph\":[{\"@type\":\"WebPage\",\"@id\":\"https:\\\/\\\/yuhaopan.com\\\/video-opera-royal\\\/\",\"url\":\"https:\\\/\\\/yuhaopan.com\\\/video-opera-royal\\\/\",\"name\":\"Vid\u00e9o Op\u00e9ra Royal - Yuhao PAN\",\"isPartOf\":{\"@id\":\"https:\\\/\\\/yuhaopan.com\\\/#website\"},\"datePublished\":\"2025-12-15T16:38:08+00:00\",\"dateModified\":\"2026-02-23T20:19:27+00:00\",\"breadcrumb\":{\"@id\":\"https:\\\/\\\/yuhaopan.com\\\/video-opera-royal\\\/#breadcrumb\"},\"inLanguage\":\"zh-Hans\",\"potentialAction\":[{\"@type\":\"ReadAction\",\"target\":[\"https:\\\/\\\/yuhaopan.com\\\/video-opera-royal\\\/\"]}]},{\"@type\":\"BreadcrumbList\",\"@id\":\"https:\\\/\\\/yuhaopan.com\\\/video-opera-royal\\\/#breadcrumb\",\"itemListElement\":[{\"@type\":\"ListItem\",\"position\":1,\"name\":\"Accueil\",\"item\":\"https:\\\/\\\/yuhaopan.com\\\/\"},{\"@type\":\"ListItem\",\"position\":2,\"name\":\"Vid\u00e9o Op\u00e9ra Royal\"}]},{\"@type\":\"WebSite\",\"@id\":\"https:\\\/\\\/yuhaopan.com\\\/#website\",\"url\":\"https:\\\/\\\/yuhaopan.com\\\/\",\"name\":\"Yuhao PAN - Artiste Photographe\",\"description\":\"Photographer &amp; Art Director\",\"publisher\":{\"@id\":\"https:\\\/\\\/yuhaopan.com\\\/#\\\/schema\\\/person\\\/9f058b6ae826918e81050013f55ec1b4\"},\"alternateName\":\"Yuhao PAN - Artiste Photographe et Vid\u00e9aste \u00e0 Paris\",\"potentialAction\":[{\"@type\":\"SearchAction\",\"target\":{\"@type\":\"EntryPoint\",\"urlTemplate\":\"https:\\\/\\\/yuhaopan.com\\\/?s={search_term_string}\"},\"query-input\":{\"@type\":\"PropertyValueSpecification\",\"valueRequired\":true,\"valueName\":\"search_term_string\"}}],\"inLanguage\":\"zh-Hans\"},{\"@type\":[\"Person\",\"Organization\"],\"@id\":\"https:\\\/\\\/yuhaopan.com\\\/#\\\/schema\\\/person\\\/9f058b6ae826918e81050013f55ec1b4\",\"name\":\"yuhao.pan@outlook.com\",\"image\":{\"@type\":\"ImageObject\",\"inLanguage\":\"zh-Hans\",\"@id\":\"https:\\\/\\\/yuhaopan.com\\\/wp-content\\\/uploads\\\/2026\\\/01\\\/Cachet-etiquette-Yuhao-pan.jpg\",\"url\":\"https:\\\/\\\/yuhaopan.com\\\/wp-content\\\/uploads\\\/2026\\\/01\\\/Cachet-etiquette-Yuhao-pan.jpg\",\"contentUrl\":\"https:\\\/\\\/yuhaopan.com\\\/wp-content\\\/uploads\\\/2026\\\/01\\\/Cachet-etiquette-Yuhao-pan.jpg\",\"width\":591,\"height\":591,\"caption\":\"yuhao.pan@outlook.com\"},\"logo\":{\"@id\":\"https:\\\/\\\/yuhaopan.com\\\/wp-content\\\/uploads\\\/2026\\\/01\\\/Cachet-etiquette-Yuhao-pan.jpg\"},\"sameAs\":[\"https:\\\/\\\/yuhaopan.com\"]}]}<\/script>\n<!-- \/ Yoast SEO Premium plugin. -->","yoast_head_json":{"title":"Vid\u00e9o Op\u00e9ra Royal - Yuhao PAN","robots":{"index":"index","follow":"follow","max-snippet":"max-snippet:-1","max-image-preview":"max-image-preview:large","max-video-preview":"max-video-preview:-1"},"canonical":"https:\/\/yuhaopan.com\/zh\/video-opera-royal\/","og_locale":"zh_CN","og_type":"article","og_title":"Vid\u00e9o Op\u00e9ra Royal","og_description":"R\u00e9alisation de vid\u00e9os Vid\u00e9aste pour Ch\u00e2teau de Versailles Spectacles et l&rsquo;Op\u00e9ra Royal en 2024, j&rsquo;ai \u00e9t\u00e9 charg\u00e9 de capturer l&rsquo;essence des spectacles baroques et des grands \u00e9v\u00e9nements du domaine. J&rsquo;ai r\u00e9alis\u00e9 des contenus vid\u00e9o vari\u00e9s \u2013 teasers, captations et reportages en coulisses \u2013 pour des productions telles que\u00a0Didon et \u00c9n\u00e9e et\u00a0Polifemo, ainsi que pour des [&hellip;]","og_url":"https:\/\/yuhaopan.com\/zh\/video-opera-royal\/","og_site_name":"Yuhao PAN","article_modified_time":"2026-02-23T20:19:27+00:00","twitter_card":"summary_large_image","twitter_misc":{"\u9884\u8ba1\u9605\u8bfb\u65f6\u95f4":"1 \u5206"},"schema":{"@context":"https:\/\/schema.org","@graph":[{"@type":"WebPage","@id":"https:\/\/yuhaopan.com\/video-opera-royal\/","url":"https:\/\/yuhaopan.com\/video-opera-royal\/","name":"Vid\u00e9o Op\u00e9ra Royal - Yuhao PAN","isPartOf":{"@id":"https:\/\/yuhaopan.com\/#website"},"datePublished":"2025-12-15T16:38:08+00:00","dateModified":"2026-02-23T20:19:27+00:00","breadcrumb":{"@id":"https:\/\/yuhaopan.com\/video-opera-royal\/#breadcrumb"},"inLanguage":"zh-Hans","potentialAction":[{"@type":"ReadAction","target":["https:\/\/yuhaopan.com\/video-opera-royal\/"]}]},{"@type":"BreadcrumbList","@id":"https:\/\/yuhaopan.com\/video-opera-royal\/#breadcrumb","itemListElement":[{"@type":"ListItem","position":1,"name":"Accueil","item":"https:\/\/yuhaopan.com\/"},{"@type":"ListItem","position":2,"name":"Vid\u00e9o Op\u00e9ra Royal"}]},{"@type":"WebSite","@id":"https:\/\/yuhaopan.com\/#website","url":"https:\/\/yuhaopan.com\/","name":"Yuhao PAN - Artiste Photographe","description":"Photographer &amp; Art Director","publisher":{"@id":"https:\/\/yuhaopan.com\/#\/schema\/person\/9f058b6ae826918e81050013f55ec1b4"},"alternateName":"Yuhao PAN - Artiste Photographe et Vid\u00e9aste \u00e0 Paris","potentialAction":[{"@type":"SearchAction","target":{"@type":"EntryPoint","urlTemplate":"https:\/\/yuhaopan.com\/?s={search_term_string}"},"query-input":{"@type":"PropertyValueSpecification","valueRequired":true,"valueName":"search_term_string"}}],"inLanguage":"zh-Hans"},{"@type":["Person","Organization"],"@id":"https:\/\/yuhaopan.com\/#\/schema\/person\/9f058b6ae826918e81050013f55ec1b4","name":"yuhao.pan@outlook.com","image":{"@type":"ImageObject","inLanguage":"zh-Hans","@id":"https:\/\/yuhaopan.com\/wp-content\/uploads\/2026\/01\/Cachet-etiquette-Yuhao-pan.jpg","url":"https:\/\/yuhaopan.com\/wp-content\/uploads\/2026\/01\/Cachet-etiquette-Yuhao-pan.jpg","contentUrl":"https:\/\/yuhaopan.com\/wp-content\/uploads\/2026\/01\/Cachet-etiquette-Yuhao-pan.jpg","width":591,"height":591,"caption":"yuhao.pan@outlook.com"},"logo":{"@id":"https:\/\/yuhaopan.com\/wp-content\/uploads\/2026\/01\/Cachet-etiquette-Yuhao-pan.jpg"},"sameAs":["https:\/\/yuhaopan.com"]}]}},"_links":{"self":[{"href":"https:\/\/yuhaopan.com\/zh\/wp-json\/wp\/v2\/pages\/845","targetHints":{"allow":["GET"]}}],"collection":[{"href":"https:\/\/yuhaopan.com\/zh\/wp-json\/wp\/v2\/pages"}],"about":[{"href":"https:\/\/yuhaopan.com\/zh\/wp-json\/wp\/v2\/types\/page"}],"author":[{"embeddable":true,"href":"https:\/\/yuhaopan.com\/zh\/wp-json\/wp\/v2\/users\/1"}],"replies":[{"embeddable":true,"href":"https:\/\/yuhaopan.com\/zh\/wp-json\/wp\/v2\/comments?post=845"}],"version-history":[{"count":0,"href":"https:\/\/yuhaopan.com\/zh\/wp-json\/wp\/v2\/pages\/845\/revisions"}],"wp:attachment":[{"href":"https:\/\/yuhaopan.com\/zh\/wp-json\/wp\/v2\/media?parent=845"}],"curies":[{"name":"wp","href":"https:\/\/api.w.org\/{rel}","templated":true}]}}